{"id":636,"date":"2022-10-27T16:04:25","date_gmt":"2022-10-27T14:04:25","guid":{"rendered":"https:\/\/www.colegiocoreanomadrid.es\/?page_id=636"},"modified":"2026-04-12T19:23:02","modified_gmt":"2026-04-12T17:23:02","slug":"programa-del-curso","status":"publish","type":"page","link":"https:\/\/www.colegiocoreanomadrid.es\/es\/programa-del-curso\/","title":{"rendered":"Programa del Curso"},"content":{"rendered":"\t\t<div data-elementor-type=\"wp-page\" data-elementor-id=\"636\" class=\"elementor elementor-636\" data-elementor-post-type=\"page\">\n\t\t\t\t<div class=\"elementor-element elementor-element-6f90c56 e-con-full e-flex e-con e-parent\" data-id=\"6f90c56\" data-element_type=\"container\" data-e-type=\"container\" data-settings=\"{&quot;background_background&quot;:&quot;classic&quot;}\">\n\t\t\t\t<\/div>\n\t\t<div class=\"elementor-element elementor-element-fb2eb8b e-flex e-con-boxed e-con e-parent\" data-id=\"fb2eb8b\" data-element_type=\"container\" data-e-type=\"container\">\n\t\t\t\t\t<div class=\"e-con-inner\">\n\t\t\t\t<div class=\"elementor-element elementor-element-376fec0 elementor-widget elementor-widget-breadcrumbs\" data-id=\"376fec0\" data-element_type=\"widget\" data-e-type=\"widget\" data-widget_type=\"breadcrumbs.default\">\n\t\t\t\t<div class=\"elementor-widget-container\">\n\t\t\t\t\t<p id=\"breadcrumbs\"><span><span><a href=\"https:\/\/www.colegiocoreanomadrid.es\/es\/\">Inicio<\/a><\/span><\/span><\/p>\t\t\t\t<\/div>\n\t\t\t\t<\/div>\n\t\t\t\t\t<\/div>\n\t\t\t\t<\/div>\n\t\t<div class=\"elementor-element elementor-element-9166c7d e-flex e-con-boxed e-con e-parent\" data-id=\"9166c7d\" data-element_type=\"container\" data-e-type=\"container\">\n\t\t\t\t\t<div class=\"e-con-inner\">\n\t\t\t\t<div class=\"elementor-element elementor-element-6f2b1d6 elementor-widget__width-inherit elementor-widget elementor-widget-heading\" data-id=\"6f2b1d6\" data-element_type=\"widget\" data-e-type=\"widget\" data-widget_type=\"heading.default\">\n\t\t\t\t<div class=\"elementor-widget-container\">\n\t\t\t\t\t<h1 class=\"elementor-heading-title elementor-size-default\">Programa del Curso<\/h1>\t\t\t\t<\/div>\n\t\t\t\t<\/div>\n\t\t\t\t<div class=\"elementor-element elementor-element-741b871 elementor-widget__width-inherit elementor-widget-divider--view-line elementor-widget elementor-widget-divider\" data-id=\"741b871\" data-element_type=\"widget\" data-e-type=\"widget\" data-widget_type=\"divider.default\">\n\t\t\t\t<div class=\"elementor-widget-container\">\n\t\t\t\t\t\t\t<div class=\"elementor-divider\">\n\t\t\t<span class=\"elementor-divider-separator\">\n\t\t\t\t\t\t<\/span>\n\t\t<\/div>\n\t\t\t\t\t\t<\/div>\n\t\t\t\t<\/div>\n\t\t\t\t<div class=\"elementor-element elementor-element-af2ff88 elementor-widget elementor-widget-text-editor\" data-id=\"af2ff88\" data-element_type=\"widget\" data-e-type=\"widget\" data-widget_type=\"text-editor.default\">\n\t\t\t\t<div class=\"elementor-widget-container\">\n\t\t\t\t\t\t\t\t\t<h3>31. Periodo del curso<\/h3>\n<p>&#8211; Primer semestre:&nbsp;<span style=\"text-align: var(--text-align); color: var( --e-global-color-text ); font-size: var( --e-global-typography-text-font-size ); font-weight: var( --e-global-typography-text-font-weight );\">Desde el segundo s\u00e1bado de septiembre hasta el \u00faltimo s\u00e1bado de enero del a\u00f1o siguiente<\/span><\/p>\n<p>&#8211; Segundo semestre:&nbsp;<span style=\"text-align: var(--text-align); color: var( --e-global-color-text ); font-size: var( --e-global-typography-text-font-size ); font-weight: var( --e-global-typography-text-font-weight );\">Desde el primer s\u00e1bado de febrero hasta el tercer s\u00e1bado de junio<\/span><\/p>\n<h3>2. Horario<\/h3>\n<p>Todos los s\u00e1bados, 10:10 ~ 13:50 (3 horas 40 minutos)<br>*El primer s\u00e1bado de enero, el s\u00e1bado de Semana Santa y el \u00faltimo s\u00e1bado de diciembre son vacaciones escolares.<\/p>\n<h3>3. Matr\u00edcula<\/h3>\n<p>&#8211; 230 euros por semestre<br>* El pago se realiza al inicio del semestre del Colegio Coreano de Madrid por cada semestre.<\/p>\n<h3>4. Elegibilidad para la admisi\u00f3n<\/h3>\n<p>&#8211; Hijos de familias coreanas residentes en Espa\u00f1a<br>&#8211; Ni\u00f1os que no sean los mencionados anteriormente que hayan sido aprobados por el Director para la admisi\u00f3n a nuestro colegio.<\/p>\n<h3>5. Criterios de admisi\u00f3n de nuevos estudiantes en nivel preescolar<\/h3>\n<div>&#8211; Para el trimestre de febrero de 2026: Pueden postularse los nacidos en 2021.<br>&#8211;&nbsp;Para el nuevo trimestre que empezar\u00e1 en septiembre&nbsp; de 2026: Se aceptar\u00e1n postulaciones de los nacidos antes de diciembre del 2022<\/div>\n<h3>6. Solicitud de matr\u00edcula<\/h3>\n<p>Una vez descargado el formulario de solicitud y la autorizaci\u00f3n para toma de im\u00e1genes y su uso, rellenar el formulario junto a la autorizaci\u00f3n y<br>enviarlos al siguiente correo electr\u00f3nico:&nbsp;<a href=\"mailto:madridhangul@gmail.com\" target=\"_blank\" rel=\"noopener\">madridhangul@gmail.com<\/a>&nbsp;(Tel\u00e9fono: 689 152 635)<\/p>\t\t\t\t\t\t\t\t<\/div>\n\t\t\t\t<\/div>\n\t\t\t\t<div class=\"elementor-element elementor-element-ca4be0b elementor-align-center elementor-widget__width-initial elementor-widget-mobile__width-inherit elementor-widget elementor-widget-button\" data-id=\"ca4be0b\" data-element_type=\"widget\" data-e-type=\"widget\" data-widget_type=\"button.default\">\n\t\t\t\t<div class=\"elementor-widget-container\">\n\t\t\t\t\t\t\t\t\t<div class=\"elementor-button-wrapper\">\n\t\t\t\t\t<a class=\"elementor-button elementor-button-link elementor-size-lg\" href=\"https:\/\/www.colegiocoreanomadrid.es\/wp-content\/uploads\/2022\/11\/\ud55c\uae00\ud559\uad50-\uc785\ud559-\uc6d0\uc11c.docx\">\n\t\t\t\t\t\t<span class=\"elementor-button-content-wrapper\">\n\t\t\t\t\t\t\t\t\t<span class=\"elementor-button-text\">Descargar formulario de solicitud<\/span>\n\t\t\t\t\t<\/span>\n\t\t\t\t\t<\/a>\n\t\t\t\t<\/div>\n\t\t\t\t\t\t\t\t<\/div>\n\t\t\t\t<\/div>\n\t\t\t\t<div class=\"elementor-element elementor-element-0410c4a elementor-align-center elementor-widget__width-initial elementor-widget-mobile__width-inherit elementor-widget elementor-widget-button\" data-id=\"0410c4a\" data-element_type=\"widget\" data-e-type=\"widget\" data-widget_type=\"button.default\">\n\t\t\t\t<div class=\"elementor-widget-container\">\n\t\t\t\t\t\t\t\t\t<div class=\"elementor-button-wrapper\">\n\t\t\t\t\t<a class=\"elementor-button elementor-button-link elementor-size-lg\" href=\"https:\/\/www.colegiocoreanomadrid.es\/wp-content\/uploads\/2022\/11\/\uc0ac\uc9c4-\ub3d9\uc758\uc11c.docx\">\n\t\t\t\t\t\t<span class=\"elementor-button-content-wrapper\">\n\t\t\t\t\t\t\t\t\t<span class=\"elementor-button-text\">Descargar autorizaci\u00f3n para toma de im\u00e1genes<\/span>\n\t\t\t\t\t<\/span>\n\t\t\t\t\t<\/a>\n\t\t\t\t<\/div>\n\t\t\t\t\t\t\t\t<\/div>\n\t\t\t\t<\/div>\n\t\t\t\t<div class=\"elementor-element elementor-element-3bb4d0e elementor-widget elementor-widget-text-editor\" data-id=\"3bb4d0e\" data-element_type=\"widget\" data-e-type=\"widget\" data-widget_type=\"text-editor.default\">\n\t\t\t\t<div class=\"elementor-widget-container\">\n\t\t\t\t\t\t\t\t\t<h3>7. Composici\u00f3n de clases<\/h3>\n<p>Cursos de Infantil 1, Infantil 2, Preparaci\u00f3n Primaria, 6 cursos de Primaria, 3 cursos de Secundaria, curso de redacci\u00f3n de ensayos de Curso Superior (curso de 2 a\u00f1os).<\/p>\n<p>Curso regular: 3 a\u00f1os de Infantil, 6 a\u00f1os de Primaria, 3 a\u00f1os de Secundaria.<\/p>\n<p>Curso especial: preescolar, redacci\u00f3n de ensayos de Grado Superior (se puede abrir o cancelar seg\u00fan el n\u00famero de alumnos).<\/p>\n<p>Materia de clase<br>&#8211; Preescolar: educaci\u00f3n coreana b\u00e1sica<br>&#8211; Infantil: educaci\u00f3n coreana b\u00e1sica<br>&#8211; Primaria: coreano (hablar, escuchar, leer, escribir), estudios sociales<br>&#8211; Secundaria: coreano, historia coreana, chino<br>&#8211; Ensayo de Grado Superior: Ensayo y discusi\u00f3n, preparaci\u00f3n para el examen de TOPIK<\/p>\n<p>* El nivel educativo para cada nivel de grado es equivalente al del mismo nivel de grado en Corea. Para obtener m\u00e1s informaci\u00f3n sobre cada curso,<br>consulten nuestra <strong><a href=\"https:\/\/www.colegiocoreanomadrid.es\/es\/cursos\/\">p\u00e1gina de Cursos<\/a><\/strong>.<\/p>\n<h3>8. Graduaci\u00f3n<\/h3>\n<p>\u2219&nbsp;Se otorga un diploma a los alumnos que hayan completado los 3 a\u00f1os de escuela infantil, 6 a\u00f1os de escuela primaria y 3 a\u00f1os de escuela secundaria.<\/p>\n<p>\u2219&nbsp;Aunque la clase de ensayo de Grado Superior es un curso de dos a\u00f1os, se otorgar\u00e1 un certificado de finalizaci\u00f3n solo a aquellos que hayan estudiado diligentemente de acuerdo con el per\u00edodo de finalizaci\u00f3n.<\/p>\n<p>\u2219 Se otorga un premio especial al graduarse de la escuela secundaria a los alumnos que hayan completado fielmente todos los cursos regulares de 6 a\u00f1os de primaria y 3 a\u00f1os de secundaria. Sin embargo, s\u00f3lo se otorga a los alumnos que han completado fielmente los 9 a\u00f1os de cursos. Adem\u00e1s, los certificados se otorgan a los alumnos que hayan asistido a las clases dentro del semestre y los premios de excelencia se otorgan a los alumnos cuyo desempe\u00f1o haya sido sobresaliente en clase dentro de los 6 a\u00f1os de la escuela primaria y los 3 a\u00f1os de la escuela secundaria.<\/p>\t\t\t\t\t\t\t\t<\/div>\n\t\t\t\t<\/div>\n\t\t\t\t\t<\/div>\n\t\t\t\t<\/div>\n\t\t\t\t<\/div>\n\t\t","protected":false},"excerpt":{"rendered":"<p>Programa del Curso 31. Periodo del curso &#8211; Primer semestre:&nbsp;Desde el segundo s\u00e1bado de septiembre hasta el \u00faltimo s\u00e1bado de enero del a\u00f1o siguiente &#8211; Segundo semestre:&nbsp;Desde el primer s\u00e1bado de febrero hasta el tercer s\u00e1bado de junio 2. Horario Todos los s\u00e1bados, 10:10 ~ 13:50 (3 horas 40 minutos)*El primer s\u00e1bado de enero, el [&hellip;]<\/p>\n","protected":false},"author":1,"featured_media":0,"parent":0,"menu_order":0,"comment_status":"closed","ping_status":"closed","template":"","meta":{"_bbp_topic_count":0,"_bbp_reply_count":0,"_bbp_total_topic_count":0,"_bbp_total_reply_count":0,"_bbp_voice_count":0,"_bbp_anonymous_reply_count":0,"_bbp_topic_count_hidden":0,"_bbp_reply_count_hidden":0,"_bbp_forum_subforum_count":0,"footnotes":""},"class_list":["post-636","page","type-page","status-publish","hentry"],"yoast_head":"<!-- This site is optimized with the Yoast SEO plugin v27.4 - https:\/\/yoast.com\/product\/yoast-seo-wordpress\/ -->\n<title>Programa del Curso - Colegio Coreano de Madrid<\/title>\n<meta name=\"robots\" content=\"index, follow, max-snippet:-1, max-image-preview:large, max-video-preview:-1\" \/>\n<link rel=\"canonical\" href=\"https:\/\/www.colegiocoreanomadrid.es\/es\/programa-del-curso\/\" \/>\n<meta property=\"og:locale\" content=\"es_ES\" \/>\n<meta property=\"og:type\" content=\"article\" \/>\n<meta property=\"og:title\" content=\"Programa del Curso - Colegio Coreano de Madrid\" \/>\n<meta property=\"og:description\" content=\"Programa del Curso 31. Periodo del curso &#8211; Primer semestre:&nbsp;Desde el segundo s\u00e1bado de septiembre hasta el \u00faltimo s\u00e1bado de enero del a\u00f1o siguiente &#8211; Segundo semestre:&nbsp;Desde el primer s\u00e1bado de febrero hasta el tercer s\u00e1bado de junio 2. Horario Todos los s\u00e1bados, 10:10 ~ 13:50 (3 horas 40 minutos)*El primer s\u00e1bado de enero, el [&hellip;]\" \/>\n<meta property=\"og:url\" content=\"https:\/\/www.colegiocoreanomadrid.es\/es\/programa-del-curso\/\" \/>\n<meta property=\"og:site_name\" content=\"Colegio Coreano de Madrid\" \/>\n<meta property=\"article:modified_time\" content=\"2026-04-12T17:23:02+00:00\" \/>\n<meta name=\"twitter:card\" content=\"summary_large_image\" \/>\n<meta name=\"twitter:label1\" content=\"Tiempo de lectura\" \/>\n\t<meta name=\"twitter:data1\" content=\"3 minutos\" \/>\n<script type=\"application\/ld+json\" class=\"yoast-schema-graph\">{\"@context\":\"https:\\\/\\\/schema.org\",\"@graph\":[{\"@type\":\"WebPage\",\"@id\":\"https:\\\/\\\/www.colegiocoreanomadrid.es\\\/es\\\/programa-del-curso\\\/\",\"url\":\"https:\\\/\\\/www.colegiocoreanomadrid.es\\\/es\\\/programa-del-curso\\\/\",\"name\":\"Programa del Curso - Colegio Coreano de Madrid\",\"isPartOf\":{\"@id\":\"https:\\\/\\\/www.colegiocoreanomadrid.es\\\/es\\\/#website\"},\"datePublished\":\"2022-10-27T14:04:25+00:00\",\"dateModified\":\"2026-04-12T17:23:02+00:00\",\"breadcrumb\":{\"@id\":\"https:\\\/\\\/www.colegiocoreanomadrid.es\\\/es\\\/programa-del-curso\\\/#breadcrumb\"},\"inLanguage\":\"es\",\"potentialAction\":[{\"@type\":\"ReadAction\",\"target\":[\"https:\\\/\\\/www.colegiocoreanomadrid.es\\\/es\\\/programa-del-curso\\\/\"]}]},{\"@type\":\"BreadcrumbList\",\"@id\":\"https:\\\/\\\/www.colegiocoreanomadrid.es\\\/es\\\/programa-del-curso\\\/#breadcrumb\",\"itemListElement\":[{\"@type\":\"ListItem\",\"position\":1,\"name\":\"Inicio\",\"item\":\"https:\\\/\\\/www.colegiocoreanomadrid.es\\\/es\\\/\"},{\"@type\":\"ListItem\",\"position\":2,\"name\":\"Programa del Curso\"}]},{\"@type\":\"WebSite\",\"@id\":\"https:\\\/\\\/www.colegiocoreanomadrid.es\\\/es\\\/#website\",\"url\":\"https:\\\/\\\/www.colegiocoreanomadrid.es\\\/es\\\/\",\"name\":\"Colegio Coreano de Madrid\",\"description\":\"\",\"publisher\":{\"@id\":\"https:\\\/\\\/www.colegiocoreanomadrid.es\\\/es\\\/#organization\"},\"potentialAction\":[{\"@type\":\"SearchAction\",\"target\":{\"@type\":\"EntryPoint\",\"urlTemplate\":\"https:\\\/\\\/www.colegiocoreanomadrid.es\\\/es\\\/?s={search_term_string}\"},\"query-input\":{\"@type\":\"PropertyValueSpecification\",\"valueRequired\":true,\"valueName\":\"search_term_string\"}}],\"inLanguage\":\"es\"},{\"@type\":\"Organization\",\"@id\":\"https:\\\/\\\/www.colegiocoreanomadrid.es\\\/es\\\/#organization\",\"name\":\"Colegio Coreano de Madrid\",\"url\":\"https:\\\/\\\/www.colegiocoreanomadrid.es\\\/es\\\/\",\"logo\":{\"@type\":\"ImageObject\",\"inLanguage\":\"es\",\"@id\":\"https:\\\/\\\/www.colegiocoreanomadrid.es\\\/es\\\/#\\\/schema\\\/logo\\\/image\\\/\",\"url\":\"https:\\\/\\\/www.colegiocoreanomadrid.es\\\/wp-content\\\/uploads\\\/2022\\\/09\\\/colegio-coreano-logo.svg\",\"contentUrl\":\"https:\\\/\\\/www.colegiocoreanomadrid.es\\\/wp-content\\\/uploads\\\/2022\\\/09\\\/colegio-coreano-logo.svg\",\"width\":227,\"height\":48,\"caption\":\"Colegio Coreano de Madrid\"},\"image\":{\"@id\":\"https:\\\/\\\/www.colegiocoreanomadrid.es\\\/es\\\/#\\\/schema\\\/logo\\\/image\\\/\"}}]}<\/script>\n<!-- \/ Yoast SEO plugin. -->","yoast_head_json":{"title":"Programa del Curso - Colegio Coreano de Madrid","robots":{"index":"index","follow":"follow","max-snippet":"max-snippet:-1","max-image-preview":"max-image-preview:large","max-video-preview":"max-video-preview:-1"},"canonical":"https:\/\/www.colegiocoreanomadrid.es\/es\/programa-del-curso\/","og_locale":"es_ES","og_type":"article","og_title":"Programa del Curso - Colegio Coreano de Madrid","og_description":"Programa del Curso 31. Periodo del curso &#8211; Primer semestre:&nbsp;Desde el segundo s\u00e1bado de septiembre hasta el \u00faltimo s\u00e1bado de enero del a\u00f1o siguiente &#8211; Segundo semestre:&nbsp;Desde el primer s\u00e1bado de febrero hasta el tercer s\u00e1bado de junio 2. Horario Todos los s\u00e1bados, 10:10 ~ 13:50 (3 horas 40 minutos)*El primer s\u00e1bado de enero, el [&hellip;]","og_url":"https:\/\/www.colegiocoreanomadrid.es\/es\/programa-del-curso\/","og_site_name":"Colegio Coreano de Madrid","article_modified_time":"2026-04-12T17:23:02+00:00","twitter_card":"summary_large_image","twitter_misc":{"Tiempo de lectura":"3 minutos"},"schema":{"@context":"https:\/\/schema.org","@graph":[{"@type":"WebPage","@id":"https:\/\/www.colegiocoreanomadrid.es\/es\/programa-del-curso\/","url":"https:\/\/www.colegiocoreanomadrid.es\/es\/programa-del-curso\/","name":"Programa del Curso - Colegio Coreano de Madrid","isPartOf":{"@id":"https:\/\/www.colegiocoreanomadrid.es\/es\/#website"},"datePublished":"2022-10-27T14:04:25+00:00","dateModified":"2026-04-12T17:23:02+00:00","breadcrumb":{"@id":"https:\/\/www.colegiocoreanomadrid.es\/es\/programa-del-curso\/#breadcrumb"},"inLanguage":"es","potentialAction":[{"@type":"ReadAction","target":["https:\/\/www.colegiocoreanomadrid.es\/es\/programa-del-curso\/"]}]},{"@type":"BreadcrumbList","@id":"https:\/\/www.colegiocoreanomadrid.es\/es\/programa-del-curso\/#breadcrumb","itemListElement":[{"@type":"ListItem","position":1,"name":"Inicio","item":"https:\/\/www.colegiocoreanomadrid.es\/es\/"},{"@type":"ListItem","position":2,"name":"Programa del Curso"}]},{"@type":"WebSite","@id":"https:\/\/www.colegiocoreanomadrid.es\/es\/#website","url":"https:\/\/www.colegiocoreanomadrid.es\/es\/","name":"Colegio Coreano de Madrid","description":"","publisher":{"@id":"https:\/\/www.colegiocoreanomadrid.es\/es\/#organization"},"potentialAction":[{"@type":"SearchAction","target":{"@type":"EntryPoint","urlTemplate":"https:\/\/www.colegiocoreanomadrid.es\/es\/?s={search_term_string}"},"query-input":{"@type":"PropertyValueSpecification","valueRequired":true,"valueName":"search_term_string"}}],"inLanguage":"es"},{"@type":"Organization","@id":"https:\/\/www.colegiocoreanomadrid.es\/es\/#organization","name":"Colegio Coreano de Madrid","url":"https:\/\/www.colegiocoreanomadrid.es\/es\/","logo":{"@type":"ImageObject","inLanguage":"es","@id":"https:\/\/www.colegiocoreanomadrid.es\/es\/#\/schema\/logo\/image\/","url":"https:\/\/www.colegiocoreanomadrid.es\/wp-content\/uploads\/2022\/09\/colegio-coreano-logo.svg","contentUrl":"https:\/\/www.colegiocoreanomadrid.es\/wp-content\/uploads\/2022\/09\/colegio-coreano-logo.svg","width":227,"height":48,"caption":"Colegio Coreano de Madrid"},"image":{"@id":"https:\/\/www.colegiocoreanomadrid.es\/es\/#\/schema\/logo\/image\/"}}]}},"_links":{"self":[{"href":"https:\/\/www.colegiocoreanomadrid.es\/es\/wp-json\/wp\/v2\/pages\/636","targetHints":{"allow":["GET"]}}],"collection":[{"href":"https:\/\/www.colegiocoreanomadrid.es\/es\/wp-json\/wp\/v2\/pages"}],"about":[{"href":"https:\/\/www.colegiocoreanomadrid.es\/es\/wp-json\/wp\/v2\/types\/page"}],"author":[{"embeddable":true,"href":"https:\/\/www.colegiocoreanomadrid.es\/es\/wp-json\/wp\/v2\/users\/1"}],"replies":[{"embeddable":true,"href":"https:\/\/www.colegiocoreanomadrid.es\/es\/wp-json\/wp\/v2\/comments?post=636"}],"version-history":[{"count":27,"href":"https:\/\/www.colegiocoreanomadrid.es\/es\/wp-json\/wp\/v2\/pages\/636\/revisions"}],"predecessor-version":[{"id":4862,"href":"https:\/\/www.colegiocoreanomadrid.es\/es\/wp-json\/wp\/v2\/pages\/636\/revisions\/4862"}],"wp:attachment":[{"href":"https:\/\/www.colegiocoreanomadrid.es\/es\/wp-json\/wp\/v2\/media?parent=636"}],"curies":[{"name":"wp","href":"https:\/\/api.w.org\/{rel}","templated":true}]}}