{"id":568,"date":"2022-10-22T10:05:58","date_gmt":"2022-10-22T08:05:58","guid":{"rendered":"https:\/\/www.colegiocoreanomadrid.es\/?page_id=568"},"modified":"2023-01-09T18:25:25","modified_gmt":"2023-01-09T17:25:25","slug":"programa-curso-adultos","status":"publish","type":"page","link":"https:\/\/www.colegiocoreanomadrid.es\/es\/programa-curso-adultos\/","title":{"rendered":"Programa del Curso para Adultos"},"content":{"rendered":"\t\t<div data-elementor-type=\"wp-page\" data-elementor-id=\"568\" class=\"elementor elementor-568\" data-elementor-post-type=\"page\">\n\t\t\t\t<div class=\"elementor-element elementor-element-6f90c56 e-con-full e-flex e-con e-parent\" data-id=\"6f90c56\" data-element_type=\"container\" data-e-type=\"container\" data-settings=\"{&quot;background_background&quot;:&quot;classic&quot;}\">\n\t\t\t\t<\/div>\n\t\t<div class=\"elementor-element elementor-element-fb2eb8b e-flex e-con-boxed e-con e-parent\" data-id=\"fb2eb8b\" data-element_type=\"container\" data-e-type=\"container\">\n\t\t\t\t\t<div class=\"e-con-inner\">\n\t\t\t\t<div class=\"elementor-element elementor-element-376fec0 elementor-widget elementor-widget-breadcrumbs\" data-id=\"376fec0\" data-element_type=\"widget\" data-e-type=\"widget\" data-widget_type=\"breadcrumbs.default\">\n\t\t\t\t<div class=\"elementor-widget-container\">\n\t\t\t\t\t<p id=\"breadcrumbs\"><span><span><a href=\"https:\/\/www.colegiocoreanomadrid.es\/es\/\">Inicio<\/a><\/span><\/span><\/p>\t\t\t\t<\/div>\n\t\t\t\t<\/div>\n\t\t\t\t\t<\/div>\n\t\t\t\t<\/div>\n\t\t<div class=\"elementor-element elementor-element-9166c7d e-flex e-con-boxed e-con e-parent\" data-id=\"9166c7d\" data-element_type=\"container\" data-e-type=\"container\">\n\t\t\t\t\t<div class=\"e-con-inner\">\n\t\t\t\t<div class=\"elementor-element elementor-element-6f2b1d6 elementor-widget elementor-widget-heading\" data-id=\"6f2b1d6\" data-element_type=\"widget\" data-e-type=\"widget\" data-widget_type=\"heading.default\">\n\t\t\t\t<div class=\"elementor-widget-container\">\n\t\t\t\t\t<h1 class=\"elementor-heading-title elementor-size-default\">Programa del Curso para Adultos<\/h1>\t\t\t\t<\/div>\n\t\t\t\t<\/div>\n\t\t\t\t<div class=\"elementor-element elementor-element-741b871 elementor-widget-divider--view-line elementor-widget elementor-widget-divider\" data-id=\"741b871\" data-element_type=\"widget\" data-e-type=\"widget\" data-widget_type=\"divider.default\">\n\t\t\t\t<div class=\"elementor-widget-container\">\n\t\t\t\t\t\t\t<div class=\"elementor-divider\">\n\t\t\t<span class=\"elementor-divider-separator\">\n\t\t\t\t\t\t<\/span>\n\t\t<\/div>\n\t\t\t\t\t\t<\/div>\n\t\t\t\t<\/div>\n\t\t\t\t<div class=\"elementor-element elementor-element-af2ff88 elementor-widget elementor-widget-text-editor\" data-id=\"af2ff88\" data-element_type=\"widget\" data-e-type=\"widget\" data-widget_type=\"text-editor.default\">\n\t\t\t\t<div class=\"elementor-widget-container\">\n\t\t\t\t\t\t\t\t\t<p>Supongo que muchos de ustedes est\u00e1n mirando nuestra p\u00e1gina Web porque tienen inter\u00e9s en aprender coreano por alg\u00fan motivo. Y seguramente por mayor\u00eda ese motivo viene dado por conocer a K-cultura (K-Pop, K-Drama\u2026etc).<br \/><br \/>Antes de venir a esta p\u00e1gina seguramente ha estado mirando algunos videos para aprender coreano por su cuenta y supongo que su plan no ha ido muy bien, por eso est\u00e1 aqu\u00ed. Le damos la BIENVENIDA desde el Colegio Coreano de Madrid, porque nosotros podemos ser su soluci\u00f3n!<br \/>Aprender un idioma tan diferente a su lengua materna no es nada f\u00e1cil, pero por eso tiene su punto atractivo. Imagine un d\u00eda hablar fluido coreano con los nativos y ser una persona intermediaria entre dos pa\u00edses. \u00a1Qu\u00e9 maravilla!<br \/><br \/>\u00a1Cualquier motivo vale para iniciar su aprendizaje del idioma coreano! \u00bfPor qu\u00e9 no?<\/p>\n<p style=\"text-align: center;\"><strong>\uc2dc\uc791\uc774 \ubc18\uc774\ub2e4 [Si-yak-i Ban-i-da.]<\/strong><\/p>\n<p>Este refr\u00e1n coreano le ayudar\u00e1 para poner en marcha su decisi\u00f3n dudosa! El comienzo es ya la mitad (El comienzo es la parte m\u00e1s dif\u00edcil, por lo tanto si inicia es que ya ha hecho la mitad de la tarea). Hoy es su gran d\u00eda de comenzar su pasi\u00f3n en coreano.<\/p>\n<h3>\u00bfPor qu\u00e9 aprender coreano?<\/h3>\n<p>&#8211; No s\u00f3lo coreano, cualquier idioma extranjero abre muchas v\u00edas para conocer nueva cultura incluyendo su pa\u00eds, sus diferentes costumbres, nueva gente, su historia y muchos m\u00e1s. \u00a1Es totalmente apasionante!<br \/><br \/>&#8211; Entender lo que significa su canci\u00f3n favorita de K-Pop o entender lo que habla en coreano mi actor favorito sin subt\u00edtulo y que me llegue al coraz\u00f3n para compartir el sentimiento, \u00a1es algo muy bonito!<br \/><br \/>&#8211; Abrir mi campo profesional y personal; se puede tener una experiencia del estudio o del trabajo en la pen\u00ednsula m\u00e1s extrema de la pen\u00ednsula ib\u00e9rica donde hemos nacido. Porque es poca la gente que habla dos idiomas y eso significa que tengo menos competiciones una vez que hable dos idiomas con fluidez. Tener dos pa\u00edses en m\u00ed \u00a1es algo muy especial!<br \/><br \/>&#8211; Corea es algo m\u00e1s que K-Cultura. Especialmente para los espa\u00f1oles. Curiosamente ambos pa\u00edses han tenido historias parecidas. Los caracteres personales de ambos pa\u00edses son tambi\u00e9n muy parecidos. Tener amigos asi\u00e1ticos que me hacen sentir como si fuera mis paisanos, s\u00f3lo lo pueden descubrir los que conocen ambos idiomas y pa\u00edses.<\/p>\n<h3>\u00bfPor qu\u00e9 en el Colegio Coreano de Madrid?<\/h3>\n<p>&#8211; Porque tenemos experiencias. Llevamos ya muchos a\u00f1os en Madrid ense\u00f1ando a los coreanos nacidos en Espa\u00f1a. Les hacemos crecer sin perder su idioma y su cultura. Y esas experiencias las queremos compartir con ustedes.<br \/><br \/>&#8211; Porque tenemos los mejores profesores. Sus excelencias y sus pasiones de ense\u00f1ar el idioma coreano no hay ni que contar. S\u00f3lo venga con ganas y con paciencia.<br \/><br \/>&#8211; Porque el Colegio Coreano de Madrid no s\u00f3lo es el centro de aprendizaje de idioma coreano, sino que vivimos la cultura coreana en Espa\u00f1a. Todos los s\u00e1bados los padres coreanos y las familias internacionales de ambos pa\u00edses traen sus hijos al Colegio. Ellos son la Corea en Espa\u00f1a y usted tambi\u00e9n es nuestra parte y familia.<br \/><br \/>&#8211; Porque contamos con los Centros Estatales de Corea en Espa\u00f1a. Es mejor v\u00eda para incorporar con Corea en Espa\u00f1a.<\/p>\n<p>\u00a0<\/p>\n<p>Hay demasiadas razones para contar y para decidir Usted el inicio del aprendizaje de coreano. Pero sabemos que le vamos a conocer alg\u00fan d\u00eda cara a cara. Y como siempre estamos aqu\u00ed en el Colegio Coreano de Madrid (C\/Celanova 2, Madrid) para su mejor clase de coreano!<\/p>\n<p>Si a\u00fan no le queda claro, no dude en contactarnos (<a href=\"mailto:colegio.coreano.es@gmail.com\">colegio.coreano.es@gmail.com<\/a>). Si quieres saber m\u00e1s sobre nuestro Colegio, consulta nuestra secci\u00f3n del Colegio.<\/p>\t\t\t\t\t\t\t\t<\/div>\n\t\t\t\t<\/div>\n\t\t\t\t<div class=\"elementor-element elementor-element-5df15f5 elementor-widget elementor-widget-heading\" data-id=\"5df15f5\" data-element_type=\"widget\" data-e-type=\"widget\" data-widget_type=\"heading.default\">\n\t\t\t\t<div class=\"elementor-widget-container\">\n\t\t\t\t\t<span class=\"elementor-heading-title elementor-size-default\">\u00a1Aprenda Coreano con el Colegio Coreano de Madrid!<\/span>\t\t\t\t<\/div>\n\t\t\t\t<\/div>\n\t\t\t\t<div class=\"elementor-element elementor-element-0410c4a elementor-align-center elementor-widget elementor-widget-button\" data-id=\"0410c4a\" data-element_type=\"widget\" data-e-type=\"widget\" data-widget_type=\"button.default\">\n\t\t\t\t<div class=\"elementor-widget-container\">\n\t\t\t\t\t\t\t\t\t<div class=\"elementor-button-wrapper\">\n\t\t\t\t\t<a class=\"elementor-button elementor-button-link elementor-size-lg\" href=\"https:\/\/www.colegiocoreanomadrid.es\/es\/cursos-para-adultos\/\">\n\t\t\t\t\t\t<span class=\"elementor-button-content-wrapper\">\n\t\t\t\t\t\t\t\t\t<span class=\"elementor-button-text\">Ver cursos<\/span>\n\t\t\t\t\t<\/span>\n\t\t\t\t\t<\/a>\n\t\t\t\t<\/div>\n\t\t\t\t\t\t\t\t<\/div>\n\t\t\t\t<\/div>\n\t\t\t\t\t<\/div>\n\t\t\t\t<\/div>\n\t\t\t\t<\/div>\n\t\t","protected":false},"excerpt":{"rendered":"<p>Programa del Curso para Adultos Supongo que muchos de ustedes est\u00e1n mirando nuestra p\u00e1gina Web porque tienen inter\u00e9s en aprender coreano por alg\u00fan motivo. Y seguramente por mayor\u00eda ese motivo viene dado por conocer a K-cultura (K-Pop, K-Drama\u2026etc). Antes de venir a esta p\u00e1gina seguramente ha estado mirando algunos videos para aprender coreano por su [&hellip;]<\/p>\n","protected":false},"author":1,"featured_media":0,"parent":0,"menu_order":0,"comment_status":"closed","ping_status":"closed","template":"","meta":{"_bbp_topic_count":0,"_bbp_reply_count":0,"_bbp_total_topic_count":0,"_bbp_total_reply_count":0,"_bbp_voice_count":0,"_bbp_anonymous_reply_count":0,"_bbp_topic_count_hidden":0,"_bbp_reply_count_hidden":0,"_bbp_forum_subforum_count":0,"footnotes":""},"class_list":["post-568","page","type-page","status-publish","hentry"],"yoast_head":"<!-- This site is optimized with the Yoast SEO plugin v27.5 - https:\/\/yoast.com\/product\/yoast-seo-wordpress\/ -->\n<title>Programa del Curso para Adultos - Colegio Coreano de Madrid<\/title>\n<meta name=\"robots\" content=\"index, follow, max-snippet:-1, max-image-preview:large, max-video-preview:-1\" \/>\n<link rel=\"canonical\" href=\"https:\/\/www.colegiocoreanomadrid.es\/es\/programa-curso-adultos\/\" \/>\n<meta property=\"og:locale\" content=\"es_ES\" \/>\n<meta property=\"og:type\" content=\"article\" \/>\n<meta property=\"og:title\" content=\"Programa del Curso para Adultos - Colegio Coreano de Madrid\" \/>\n<meta property=\"og:description\" content=\"Programa del Curso para Adultos Supongo que muchos de ustedes est\u00e1n mirando nuestra p\u00e1gina Web porque tienen inter\u00e9s en aprender coreano por alg\u00fan motivo. Y seguramente por mayor\u00eda ese motivo viene dado por conocer a K-cultura (K-Pop, K-Drama\u2026etc). Antes de venir a esta p\u00e1gina seguramente ha estado mirando algunos videos para aprender coreano por su [&hellip;]\" \/>\n<meta property=\"og:url\" content=\"https:\/\/www.colegiocoreanomadrid.es\/es\/programa-curso-adultos\/\" \/>\n<meta property=\"og:site_name\" content=\"Colegio Coreano de Madrid\" \/>\n<meta property=\"article:modified_time\" content=\"2023-01-09T17:25:25+00:00\" \/>\n<meta name=\"twitter:card\" content=\"summary_large_image\" \/>\n<meta name=\"twitter:label1\" content=\"Tiempo de lectura\" \/>\n\t<meta name=\"twitter:data1\" content=\"3 minutos\" \/>\n<script type=\"application\/ld+json\" class=\"yoast-schema-graph\">{\"@context\":\"https:\\\/\\\/schema.org\",\"@graph\":[{\"@type\":\"WebPage\",\"@id\":\"https:\\\/\\\/www.colegiocoreanomadrid.es\\\/es\\\/programa-curso-adultos\\\/\",\"url\":\"https:\\\/\\\/www.colegiocoreanomadrid.es\\\/es\\\/programa-curso-adultos\\\/\",\"name\":\"Programa del Curso para Adultos - Colegio Coreano de Madrid\",\"isPartOf\":{\"@id\":\"https:\\\/\\\/www.colegiocoreanomadrid.es\\\/es\\\/#website\"},\"datePublished\":\"2022-10-22T08:05:58+00:00\",\"dateModified\":\"2023-01-09T17:25:25+00:00\",\"breadcrumb\":{\"@id\":\"https:\\\/\\\/www.colegiocoreanomadrid.es\\\/es\\\/programa-curso-adultos\\\/#breadcrumb\"},\"inLanguage\":\"es\",\"potentialAction\":[{\"@type\":\"ReadAction\",\"target\":[\"https:\\\/\\\/www.colegiocoreanomadrid.es\\\/es\\\/programa-curso-adultos\\\/\"]}]},{\"@type\":\"BreadcrumbList\",\"@id\":\"https:\\\/\\\/www.colegiocoreanomadrid.es\\\/es\\\/programa-curso-adultos\\\/#breadcrumb\",\"itemListElement\":[{\"@type\":\"ListItem\",\"position\":1,\"name\":\"Inicio\",\"item\":\"https:\\\/\\\/www.colegiocoreanomadrid.es\\\/es\\\/\"},{\"@type\":\"ListItem\",\"position\":2,\"name\":\"Programa del Curso para Adultos\"}]},{\"@type\":\"WebSite\",\"@id\":\"https:\\\/\\\/www.colegiocoreanomadrid.es\\\/es\\\/#website\",\"url\":\"https:\\\/\\\/www.colegiocoreanomadrid.es\\\/es\\\/\",\"name\":\"Colegio Coreano de Madrid\",\"description\":\"\",\"publisher\":{\"@id\":\"https:\\\/\\\/www.colegiocoreanomadrid.es\\\/es\\\/#organization\"},\"potentialAction\":[{\"@type\":\"SearchAction\",\"target\":{\"@type\":\"EntryPoint\",\"urlTemplate\":\"https:\\\/\\\/www.colegiocoreanomadrid.es\\\/es\\\/?s={search_term_string}\"},\"query-input\":{\"@type\":\"PropertyValueSpecification\",\"valueRequired\":true,\"valueName\":\"search_term_string\"}}],\"inLanguage\":\"es\"},{\"@type\":\"Organization\",\"@id\":\"https:\\\/\\\/www.colegiocoreanomadrid.es\\\/es\\\/#organization\",\"name\":\"Colegio Coreano de Madrid\",\"url\":\"https:\\\/\\\/www.colegiocoreanomadrid.es\\\/es\\\/\",\"logo\":{\"@type\":\"ImageObject\",\"inLanguage\":\"es\",\"@id\":\"https:\\\/\\\/www.colegiocoreanomadrid.es\\\/es\\\/#\\\/schema\\\/logo\\\/image\\\/\",\"url\":\"https:\\\/\\\/www.colegiocoreanomadrid.es\\\/wp-content\\\/uploads\\\/2022\\\/09\\\/colegio-coreano-logo.svg\",\"contentUrl\":\"https:\\\/\\\/www.colegiocoreanomadrid.es\\\/wp-content\\\/uploads\\\/2022\\\/09\\\/colegio-coreano-logo.svg\",\"width\":227,\"height\":48,\"caption\":\"Colegio Coreano de Madrid\"},\"image\":{\"@id\":\"https:\\\/\\\/www.colegiocoreanomadrid.es\\\/es\\\/#\\\/schema\\\/logo\\\/image\\\/\"}}]}<\/script>\n<!-- \/ Yoast SEO plugin. -->","yoast_head_json":{"title":"Programa del Curso para Adultos - Colegio Coreano de Madrid","robots":{"index":"index","follow":"follow","max-snippet":"max-snippet:-1","max-image-preview":"max-image-preview:large","max-video-preview":"max-video-preview:-1"},"canonical":"https:\/\/www.colegiocoreanomadrid.es\/es\/programa-curso-adultos\/","og_locale":"es_ES","og_type":"article","og_title":"Programa del Curso para Adultos - Colegio Coreano de Madrid","og_description":"Programa del Curso para Adultos Supongo que muchos de ustedes est\u00e1n mirando nuestra p\u00e1gina Web porque tienen inter\u00e9s en aprender coreano por alg\u00fan motivo. Y seguramente por mayor\u00eda ese motivo viene dado por conocer a K-cultura (K-Pop, K-Drama\u2026etc). Antes de venir a esta p\u00e1gina seguramente ha estado mirando algunos videos para aprender coreano por su [&hellip;]","og_url":"https:\/\/www.colegiocoreanomadrid.es\/es\/programa-curso-adultos\/","og_site_name":"Colegio Coreano de Madrid","article_modified_time":"2023-01-09T17:25:25+00:00","twitter_card":"summary_large_image","twitter_misc":{"Tiempo de lectura":"3 minutos"},"schema":{"@context":"https:\/\/schema.org","@graph":[{"@type":"WebPage","@id":"https:\/\/www.colegiocoreanomadrid.es\/es\/programa-curso-adultos\/","url":"https:\/\/www.colegiocoreanomadrid.es\/es\/programa-curso-adultos\/","name":"Programa del Curso para Adultos - Colegio Coreano de Madrid","isPartOf":{"@id":"https:\/\/www.colegiocoreanomadrid.es\/es\/#website"},"datePublished":"2022-10-22T08:05:58+00:00","dateModified":"2023-01-09T17:25:25+00:00","breadcrumb":{"@id":"https:\/\/www.colegiocoreanomadrid.es\/es\/programa-curso-adultos\/#breadcrumb"},"inLanguage":"es","potentialAction":[{"@type":"ReadAction","target":["https:\/\/www.colegiocoreanomadrid.es\/es\/programa-curso-adultos\/"]}]},{"@type":"BreadcrumbList","@id":"https:\/\/www.colegiocoreanomadrid.es\/es\/programa-curso-adultos\/#breadcrumb","itemListElement":[{"@type":"ListItem","position":1,"name":"Inicio","item":"https:\/\/www.colegiocoreanomadrid.es\/es\/"},{"@type":"ListItem","position":2,"name":"Programa del Curso para Adultos"}]},{"@type":"WebSite","@id":"https:\/\/www.colegiocoreanomadrid.es\/es\/#website","url":"https:\/\/www.colegiocoreanomadrid.es\/es\/","name":"Colegio Coreano de Madrid","description":"","publisher":{"@id":"https:\/\/www.colegiocoreanomadrid.es\/es\/#organization"},"potentialAction":[{"@type":"SearchAction","target":{"@type":"EntryPoint","urlTemplate":"https:\/\/www.colegiocoreanomadrid.es\/es\/?s={search_term_string}"},"query-input":{"@type":"PropertyValueSpecification","valueRequired":true,"valueName":"search_term_string"}}],"inLanguage":"es"},{"@type":"Organization","@id":"https:\/\/www.colegiocoreanomadrid.es\/es\/#organization","name":"Colegio Coreano de Madrid","url":"https:\/\/www.colegiocoreanomadrid.es\/es\/","logo":{"@type":"ImageObject","inLanguage":"es","@id":"https:\/\/www.colegiocoreanomadrid.es\/es\/#\/schema\/logo\/image\/","url":"https:\/\/www.colegiocoreanomadrid.es\/wp-content\/uploads\/2022\/09\/colegio-coreano-logo.svg","contentUrl":"https:\/\/www.colegiocoreanomadrid.es\/wp-content\/uploads\/2022\/09\/colegio-coreano-logo.svg","width":227,"height":48,"caption":"Colegio Coreano de Madrid"},"image":{"@id":"https:\/\/www.colegiocoreanomadrid.es\/es\/#\/schema\/logo\/image\/"}}]}},"_links":{"self":[{"href":"https:\/\/www.colegiocoreanomadrid.es\/es\/wp-json\/wp\/v2\/pages\/568","targetHints":{"allow":["GET"]}}],"collection":[{"href":"https:\/\/www.colegiocoreanomadrid.es\/es\/wp-json\/wp\/v2\/pages"}],"about":[{"href":"https:\/\/www.colegiocoreanomadrid.es\/es\/wp-json\/wp\/v2\/types\/page"}],"author":[{"embeddable":true,"href":"https:\/\/www.colegiocoreanomadrid.es\/es\/wp-json\/wp\/v2\/users\/1"}],"replies":[{"embeddable":true,"href":"https:\/\/www.colegiocoreanomadrid.es\/es\/wp-json\/wp\/v2\/comments?post=568"}],"version-history":[{"count":3,"href":"https:\/\/www.colegiocoreanomadrid.es\/es\/wp-json\/wp\/v2\/pages\/568\/revisions"}],"predecessor-version":[{"id":3273,"href":"https:\/\/www.colegiocoreanomadrid.es\/es\/wp-json\/wp\/v2\/pages\/568\/revisions\/3273"}],"wp:attachment":[{"href":"https:\/\/www.colegiocoreanomadrid.es\/es\/wp-json\/wp\/v2\/media?parent=568"}],"curies":[{"name":"wp","href":"https:\/\/api.w.org\/{rel}","templated":true}]}}