{"id":3,"date":"2022-09-21T06:27:25","date_gmt":"2022-09-21T04:27:25","guid":{"rendered":"https:\/\/www.colegiocoreanomadrid.es\/?page_id=3"},"modified":"2022-11-29T12:54:52","modified_gmt":"2022-11-29T11:54:52","slug":"politica-de-privacidad","status":"publish","type":"page","link":"https:\/\/www.colegiocoreanomadrid.es\/es\/politica-de-privacidad\/","title":{"rendered":"Pol\u00edtica de privacidad"},"content":{"rendered":"\t\t<div data-elementor-type=\"wp-page\" data-elementor-id=\"3\" class=\"elementor elementor-3\" data-elementor-post-type=\"page\">\n\t\t\t\t<div class=\"elementor-element elementor-element-b3cd8d4 e-flex e-con-boxed e-con e-parent\" data-id=\"b3cd8d4\" data-element_type=\"container\" data-e-type=\"container\">\n\t\t\t\t\t<div class=\"e-con-inner\">\n\t\t\t\t<div class=\"elementor-element elementor-element-e1e58b9 elementor-widget elementor-widget-breadcrumbs\" data-id=\"e1e58b9\" data-element_type=\"widget\" data-e-type=\"widget\" data-widget_type=\"breadcrumbs.default\">\n\t\t\t\t<div class=\"elementor-widget-container\">\n\t\t\t\t\t<p id=\"breadcrumbs\"><span><span><a href=\"https:\/\/www.colegiocoreanomadrid.es\/es\/\">Inicio<\/a><\/span><\/span><\/p>\t\t\t\t<\/div>\n\t\t\t\t<\/div>\n\t\t\t\t\t<\/div>\n\t\t\t\t<\/div>\n\t\t<div class=\"elementor-element elementor-element-40fd388 e-flex e-con-boxed e-con e-parent\" data-id=\"40fd388\" data-element_type=\"container\" data-e-type=\"container\">\n\t\t\t\t\t<div class=\"e-con-inner\">\n\t\t\t\t<div class=\"elementor-element elementor-element-0b5a095 elementor-widget elementor-widget-heading\" data-id=\"0b5a095\" data-element_type=\"widget\" data-e-type=\"widget\" data-widget_type=\"heading.default\">\n\t\t\t\t<div class=\"elementor-widget-container\">\n\t\t\t\t\t<h1 class=\"elementor-heading-title elementor-size-default\">Pol\u00edtica de privacidad<\/h1>\t\t\t\t<\/div>\n\t\t\t\t<\/div>\n\t\t\t\t<div class=\"elementor-element elementor-element-6cc6064 elementor-widget-divider--view-line elementor-widget elementor-widget-divider\" data-id=\"6cc6064\" data-element_type=\"widget\" data-e-type=\"widget\" data-widget_type=\"divider.default\">\n\t\t\t\t<div class=\"elementor-widget-container\">\n\t\t\t\t\t\t\t<div class=\"elementor-divider\">\n\t\t\t<span class=\"elementor-divider-separator\">\n\t\t\t\t\t\t<\/span>\n\t\t<\/div>\n\t\t\t\t\t\t<\/div>\n\t\t\t\t<\/div>\n\t\t\t\t\t<\/div>\n\t\t\t\t<\/div>\n\t\t<div class=\"elementor-element elementor-element-087d261 e-flex e-con-boxed e-con e-parent\" data-id=\"087d261\" data-element_type=\"container\" data-e-type=\"container\">\n\t\t\t\t\t<div class=\"e-con-inner\">\n\t\t\t\t<div class=\"elementor-element elementor-element-88e5dc7 elementor-widget elementor-widget-text-editor\" data-id=\"88e5dc7\" data-element_type=\"widget\" data-e-type=\"widget\" data-widget_type=\"text-editor.default\">\n\t\t\t\t<div class=\"elementor-widget-container\">\n\t\t\t\t\t\t\t\t\t<h3>Informaci\u00f3n al Usuario<\/h3><p>El Colegio Coreano de Madrid, le informa que, seg\u00fan lo dispuesto en el Reglamento General (UE) 2016\/679, protecci\u00f3n de datos (RGPD) y en la L.O. 3\/2018, de protecci\u00f3n de datos y garant\u00eda de los derechos digitales (LOPDGDD), trataremos su datos tal y como reflejamos en la presente Pol\u00edtica de Privacidad.<\/p><p>En esta Pol\u00edtica de Privacidad describimos c\u00f3mo recogemos sus datos personales y por qu\u00e9 los recogemos, qu\u00e9 hacemos con ellos, con qui\u00e9n los compartimos, c\u00f3mo los protegemos y sus opciones en cuanto al tratamiento de sus datos personales.<\/p><p>Esta Pol\u00edtica se aplica al tratamiento de sus datos personales recogidos por la empresa para la prestaci\u00f3n de sus servicios. Si cumplimenta cualquiera de nuestros formularios debe aceptar previamente las condiciones de esta Pol\u00edtica y guardaremos registro de esa aceptaci\u00f3n.<\/p><h3>Responsable de tratamiento de sus datos<\/h3><ul><li>Denominaci\u00f3n social: ASOCIACION HANGL HAGKYO (en adelante Colegio Coreano de Madrid)<\/li><li>CIF: G84432103<\/li><li>Domicilio social: PLAZA ALCALDE MORENO TORRE 18 , 1-A 28050 MADRID<\/li><li>Correo electr\u00f3nico: OOO@colegiocoreanomadrid.es<\/li><\/ul><p>\u00a0<\/p><h3>Finalidad de tratamiento de sus datos<\/h3><p>En el sitio web del Colegio Coreano de Madrid existen diferentes sistemas de obtenci\u00f3n de datos personales y la finalidad para el tratamiento de la informaci\u00f3n que nos facilitan los usuarios depende del formulario cumplimentado:<\/p><ul><li><strong>Formulario de Registro en la web:<\/strong> Crear una cuenta de usuario en nuestra p\u00e1gina web y facilitarles el acceso a sus funcionalidades.<\/li><li><strong>Formulario de Contacto: <\/strong>Contestar a sus solicitudes de informaci\u00f3n, atender sus peticiones y responder sus consultas o dudas<\/li><li><strong>Formulario de suscripci\u00f3n a la Newsletter<\/strong>: Enviarle informaci\u00f3n comercial de nuestras actividades y servicios, inclusive por medios electr\u00f3nicos.<\/li><\/ul><p>\u00a0<\/p><h3>Legitimaci\u00f3n par el tratamiento de sus datos<\/h3><p>La base legal para el tratamiento de sus datos es el consentimiento otorgado por el usuario en la aceptaci\u00f3n de la presente Pol\u00edtica de Privacidad.<\/p><p>Tambi\u00e9n la oferta prospectiva o comercial de productos y servicios est\u00e1 basada en el consentimiento que se le solicita al usuario, sin que en ning\u00fan caso la retirada de este consentimiento condicione la ejecuci\u00f3n del contrato de suscripci\u00f3n.<\/p><h3>Conservaci\u00f3n de sus datos<\/h3><p>Los datos personales proporcionados se conservar\u00e1n:<\/p><ul><li>Los datos personales se mantendr\u00e1n durante el tiempo necesario para el desarrollo de la finalidad para la que fueron obtenidos. Posteriormente ser\u00e1n bloqueados y mantenidos durante los plazos establecidos por la normativa aplicable.<\/li><li>Hasta que no se revoque el consentimiento otorgado por el interesado.<\/li><\/ul><p>\u00a0<\/p><h3>Tipo de datos recogidos<\/h3><p>Recopilamos datos de car\u00e1cter identificativo y de contacto.<\/p><h3>Destinatarios de los datos<\/h3><p>Con car\u00e1cter general no se comunicar\u00e1n los datos personales a terceros, salvo obligaci\u00f3n legal.<\/p><h3>Derechos de los interesados<\/h3><p>Los derechos de protecci\u00f3n de datos que podr\u00e1n ejercer los interesados, cuando procedan, son:<\/p><ul><li>Derecho a solicitar el acceso a los datos personales relativos al interesado.<\/li><li>Derecho de rectificaci\u00f3n o supresi\u00f3n.<\/li><li>Derecho de oposici\u00f3n.<\/li><li>Derecho a solicitar la limitaci\u00f3n de su tratamiento.<\/li><li>Derecho a la portabilidad de los datos.<\/li><li>Derecho a no ser objeto de decisiones basadas \u00fanicamente en el tratamiento automatizado de datos.<\/li><\/ul><p>\u00a0<\/p><p>Los titulares de los datos personales obtenidos podr\u00e1n ejercer sus derechos de protecci\u00f3n de datos personales dirigiendo una comunicaci\u00f3n por escrito al domicilio social de ASOCIACION HANGL HAGKYO.<\/p><p>Modelos, formularios y m\u00e1s informaci\u00f3n disponible sobre sus derechos en la p\u00e1gina web de la autoridad de control nacional, Agencia Espa\u00f1ola de Protecci\u00f3n de Datos, en adelante, AEPD, <a href=\"http:\/\/www.aepd.es\">www.aepd.es<\/a><\/p><h3>Seguridad de los datos<\/h3><p>El Colegio Coreano de Madrid se compromete en el uso y tratamiento de los datos incluidos personales de los usuarios, a respetar su confidencialidad y a utilizarlos de acuerdo con la finalidad del mismo, as\u00ed como a dar cumplimiento a su obligaci\u00f3n de guardarlos y adaptar todas las medidas para evitar la alteraci\u00f3n, p\u00e9rdida, tratamiento o acceso no autorizado, de conformidad con lo establecido en la normativa vigente de protecci\u00f3n de datos.<\/p><p>Con respecto a la confidencialidad del procesamiento, el Colegio Coreano de Madrid se asegurar\u00e1 de que cualquier persona que est\u00e9 autorizada por ella para procesar los datos del usuario, estar\u00e1 bajo la obligaci\u00f3n apropiada de confidencialidad (ya sea un deber contractual o legal).<\/p><p>Cuando se presente alg\u00fan incidente de seguridad que afecte a los derechos y libertades fundamentales de los usuarios, al ser consciente de ello, el Colegio Coreano de Madrid deber\u00e1 notificar al usuario sin demoras indebidas y deber\u00e1 proporcionar informaci\u00f3n oportuna relacionada con dicho incidente de seguridad.<\/p><h3>Actualizaci\u00f3n de la pol\u00edtica de privacidad<\/h3><p>Nos esforzamos para mejorar continuamente nuestros servicios, procesos y la protecci\u00f3n de los derechos de los interesados, por eso actualizaremos esta pol\u00edtica de privacidad peri\u00f3dicamente. Le aconsejamos que la consulte de forma regular.<\/p><p>Este documento ha sido actualizado el 01-12-2022.<\/p>\t\t\t\t\t\t\t\t<\/div>\n\t\t\t\t<\/div>\n\t\t\t\t\t<\/div>\n\t\t\t\t<\/div>\n\t\t\t\t<\/div>\n\t\t","protected":false},"excerpt":{"rendered":"<p>Informaci\u00f3n al Usuario El Colegio Coreano de Madrid, le informa que, seg\u00fan lo dispuesto en el Reglamento General (UE) 2016\/679, protecci\u00f3n de datos (RGPD) y en la L.O. 3\/2018, de protecci\u00f3n de datos y garant\u00eda de los derechos digitales (LOPDGDD), trataremos su datos tal y como reflejamos en la presente Pol\u00edtica de Privacidad. En esta [&hellip;]<\/p>\n","protected":false},"author":1,"featured_media":0,"parent":0,"menu_order":0,"comment_status":"closed","ping_status":"closed","template":"","meta":{"_bbp_topic_count":0,"_bbp_reply_count":0,"_bbp_total_topic_count":0,"_bbp_total_reply_count":0,"_bbp_voice_count":0,"_bbp_anonymous_reply_count":0,"_bbp_topic_count_hidden":0,"_bbp_reply_count_hidden":0,"_bbp_forum_subforum_count":0,"footnotes":""},"class_list":["post-3","page","type-page","status-publish","hentry"],"yoast_head":"<!-- This site is optimized with the Yoast SEO plugin v27.4 - https:\/\/yoast.com\/product\/yoast-seo-wordpress\/ -->\n<title>Pol\u00edtica de privacidad - Colegio Coreano de Madrid<\/title>\n<meta name=\"robots\" content=\"index, follow, max-snippet:-1, max-image-preview:large, max-video-preview:-1\" \/>\n<link rel=\"canonical\" href=\"https:\/\/www.colegiocoreanomadrid.es\/es\/politica-de-privacidad\/\" \/>\n<meta property=\"og:locale\" content=\"es_ES\" \/>\n<meta property=\"og:type\" content=\"article\" \/>\n<meta property=\"og:title\" content=\"Pol\u00edtica de privacidad - Colegio Coreano de Madrid\" \/>\n<meta property=\"og:description\" content=\"Informaci\u00f3n al Usuario El Colegio Coreano de Madrid, le informa que, seg\u00fan lo dispuesto en el Reglamento General (UE) 2016\/679, protecci\u00f3n de datos (RGPD) y en la L.O. 3\/2018, de protecci\u00f3n de datos y garant\u00eda de los derechos digitales (LOPDGDD), trataremos su datos tal y como reflejamos en la presente Pol\u00edtica de Privacidad. En esta [&hellip;]\" \/>\n<meta property=\"og:url\" content=\"https:\/\/www.colegiocoreanomadrid.es\/es\/politica-de-privacidad\/\" \/>\n<meta property=\"og:site_name\" content=\"Colegio Coreano de Madrid\" \/>\n<meta property=\"article:modified_time\" content=\"2022-11-29T11:54:52+00:00\" \/>\n<meta name=\"twitter:card\" content=\"summary_large_image\" \/>\n<meta name=\"twitter:label1\" content=\"Tiempo de lectura\" \/>\n\t<meta name=\"twitter:data1\" content=\"4 minutos\" \/>\n<script type=\"application\/ld+json\" class=\"yoast-schema-graph\">{\"@context\":\"https:\\\/\\\/schema.org\",\"@graph\":[{\"@type\":\"WebPage\",\"@id\":\"https:\\\/\\\/www.colegiocoreanomadrid.es\\\/es\\\/politica-de-privacidad\\\/\",\"url\":\"https:\\\/\\\/www.colegiocoreanomadrid.es\\\/es\\\/politica-de-privacidad\\\/\",\"name\":\"Pol\u00edtica de privacidad - Colegio Coreano de Madrid\",\"isPartOf\":{\"@id\":\"https:\\\/\\\/www.colegiocoreanomadrid.es\\\/es\\\/#website\"},\"datePublished\":\"2022-09-21T04:27:25+00:00\",\"dateModified\":\"2022-11-29T11:54:52+00:00\",\"breadcrumb\":{\"@id\":\"https:\\\/\\\/www.colegiocoreanomadrid.es\\\/es\\\/politica-de-privacidad\\\/#breadcrumb\"},\"inLanguage\":\"es\",\"potentialAction\":[{\"@type\":\"ReadAction\",\"target\":[\"https:\\\/\\\/www.colegiocoreanomadrid.es\\\/es\\\/politica-de-privacidad\\\/\"]}]},{\"@type\":\"BreadcrumbList\",\"@id\":\"https:\\\/\\\/www.colegiocoreanomadrid.es\\\/es\\\/politica-de-privacidad\\\/#breadcrumb\",\"itemListElement\":[{\"@type\":\"ListItem\",\"position\":1,\"name\":\"Inicio\",\"item\":\"https:\\\/\\\/www.colegiocoreanomadrid.es\\\/es\\\/\"},{\"@type\":\"ListItem\",\"position\":2,\"name\":\"Pol\u00edtica de privacidad\"}]},{\"@type\":\"WebSite\",\"@id\":\"https:\\\/\\\/www.colegiocoreanomadrid.es\\\/es\\\/#website\",\"url\":\"https:\\\/\\\/www.colegiocoreanomadrid.es\\\/es\\\/\",\"name\":\"Colegio Coreano de Madrid\",\"description\":\"\",\"publisher\":{\"@id\":\"https:\\\/\\\/www.colegiocoreanomadrid.es\\\/es\\\/#organization\"},\"potentialAction\":[{\"@type\":\"SearchAction\",\"target\":{\"@type\":\"EntryPoint\",\"urlTemplate\":\"https:\\\/\\\/www.colegiocoreanomadrid.es\\\/es\\\/?s={search_term_string}\"},\"query-input\":{\"@type\":\"PropertyValueSpecification\",\"valueRequired\":true,\"valueName\":\"search_term_string\"}}],\"inLanguage\":\"es\"},{\"@type\":\"Organization\",\"@id\":\"https:\\\/\\\/www.colegiocoreanomadrid.es\\\/es\\\/#organization\",\"name\":\"Colegio Coreano de Madrid\",\"url\":\"https:\\\/\\\/www.colegiocoreanomadrid.es\\\/es\\\/\",\"logo\":{\"@type\":\"ImageObject\",\"inLanguage\":\"es\",\"@id\":\"https:\\\/\\\/www.colegiocoreanomadrid.es\\\/es\\\/#\\\/schema\\\/logo\\\/image\\\/\",\"url\":\"https:\\\/\\\/www.colegiocoreanomadrid.es\\\/wp-content\\\/uploads\\\/2022\\\/09\\\/colegio-coreano-logo.svg\",\"contentUrl\":\"https:\\\/\\\/www.colegiocoreanomadrid.es\\\/wp-content\\\/uploads\\\/2022\\\/09\\\/colegio-coreano-logo.svg\",\"width\":227,\"height\":48,\"caption\":\"Colegio Coreano de Madrid\"},\"image\":{\"@id\":\"https:\\\/\\\/www.colegiocoreanomadrid.es\\\/es\\\/#\\\/schema\\\/logo\\\/image\\\/\"}}]}<\/script>\n<!-- \/ Yoast SEO plugin. -->","yoast_head_json":{"title":"Pol\u00edtica de privacidad - Colegio Coreano de Madrid","robots":{"index":"index","follow":"follow","max-snippet":"max-snippet:-1","max-image-preview":"max-image-preview:large","max-video-preview":"max-video-preview:-1"},"canonical":"https:\/\/www.colegiocoreanomadrid.es\/es\/politica-de-privacidad\/","og_locale":"es_ES","og_type":"article","og_title":"Pol\u00edtica de privacidad - Colegio Coreano de Madrid","og_description":"Informaci\u00f3n al Usuario El Colegio Coreano de Madrid, le informa que, seg\u00fan lo dispuesto en el Reglamento General (UE) 2016\/679, protecci\u00f3n de datos (RGPD) y en la L.O. 3\/2018, de protecci\u00f3n de datos y garant\u00eda de los derechos digitales (LOPDGDD), trataremos su datos tal y como reflejamos en la presente Pol\u00edtica de Privacidad. En esta [&hellip;]","og_url":"https:\/\/www.colegiocoreanomadrid.es\/es\/politica-de-privacidad\/","og_site_name":"Colegio Coreano de Madrid","article_modified_time":"2022-11-29T11:54:52+00:00","twitter_card":"summary_large_image","twitter_misc":{"Tiempo de lectura":"4 minutos"},"schema":{"@context":"https:\/\/schema.org","@graph":[{"@type":"WebPage","@id":"https:\/\/www.colegiocoreanomadrid.es\/es\/politica-de-privacidad\/","url":"https:\/\/www.colegiocoreanomadrid.es\/es\/politica-de-privacidad\/","name":"Pol\u00edtica de privacidad - Colegio Coreano de Madrid","isPartOf":{"@id":"https:\/\/www.colegiocoreanomadrid.es\/es\/#website"},"datePublished":"2022-09-21T04:27:25+00:00","dateModified":"2022-11-29T11:54:52+00:00","breadcrumb":{"@id":"https:\/\/www.colegiocoreanomadrid.es\/es\/politica-de-privacidad\/#breadcrumb"},"inLanguage":"es","potentialAction":[{"@type":"ReadAction","target":["https:\/\/www.colegiocoreanomadrid.es\/es\/politica-de-privacidad\/"]}]},{"@type":"BreadcrumbList","@id":"https:\/\/www.colegiocoreanomadrid.es\/es\/politica-de-privacidad\/#breadcrumb","itemListElement":[{"@type":"ListItem","position":1,"name":"Inicio","item":"https:\/\/www.colegiocoreanomadrid.es\/es\/"},{"@type":"ListItem","position":2,"name":"Pol\u00edtica de privacidad"}]},{"@type":"WebSite","@id":"https:\/\/www.colegiocoreanomadrid.es\/es\/#website","url":"https:\/\/www.colegiocoreanomadrid.es\/es\/","name":"Colegio Coreano de Madrid","description":"","publisher":{"@id":"https:\/\/www.colegiocoreanomadrid.es\/es\/#organization"},"potentialAction":[{"@type":"SearchAction","target":{"@type":"EntryPoint","urlTemplate":"https:\/\/www.colegiocoreanomadrid.es\/es\/?s={search_term_string}"},"query-input":{"@type":"PropertyValueSpecification","valueRequired":true,"valueName":"search_term_string"}}],"inLanguage":"es"},{"@type":"Organization","@id":"https:\/\/www.colegiocoreanomadrid.es\/es\/#organization","name":"Colegio Coreano de Madrid","url":"https:\/\/www.colegiocoreanomadrid.es\/es\/","logo":{"@type":"ImageObject","inLanguage":"es","@id":"https:\/\/www.colegiocoreanomadrid.es\/es\/#\/schema\/logo\/image\/","url":"https:\/\/www.colegiocoreanomadrid.es\/wp-content\/uploads\/2022\/09\/colegio-coreano-logo.svg","contentUrl":"https:\/\/www.colegiocoreanomadrid.es\/wp-content\/uploads\/2022\/09\/colegio-coreano-logo.svg","width":227,"height":48,"caption":"Colegio Coreano de Madrid"},"image":{"@id":"https:\/\/www.colegiocoreanomadrid.es\/es\/#\/schema\/logo\/image\/"}}]}},"_links":{"self":[{"href":"https:\/\/www.colegiocoreanomadrid.es\/es\/wp-json\/wp\/v2\/pages\/3","targetHints":{"allow":["GET"]}}],"collection":[{"href":"https:\/\/www.colegiocoreanomadrid.es\/es\/wp-json\/wp\/v2\/pages"}],"about":[{"href":"https:\/\/www.colegiocoreanomadrid.es\/es\/wp-json\/wp\/v2\/types\/page"}],"author":[{"embeddable":true,"href":"https:\/\/www.colegiocoreanomadrid.es\/es\/wp-json\/wp\/v2\/users\/1"}],"replies":[{"embeddable":true,"href":"https:\/\/www.colegiocoreanomadrid.es\/es\/wp-json\/wp\/v2\/comments?post=3"}],"version-history":[{"count":0,"href":"https:\/\/www.colegiocoreanomadrid.es\/es\/wp-json\/wp\/v2\/pages\/3\/revisions"}],"wp:attachment":[{"href":"https:\/\/www.colegiocoreanomadrid.es\/es\/wp-json\/wp\/v2\/media?parent=3"}],"curies":[{"name":"wp","href":"https:\/\/api.w.org\/{rel}","templated":true}]}}