{"id":1615,"date":"2022-11-17T13:36:00","date_gmt":"2022-11-17T12:36:00","guid":{"rendered":"https:\/\/www.colegiocoreanomadrid.es\/?page_id=1615"},"modified":"2022-12-14T22:36:20","modified_gmt":"2022-12-14T21:36:20","slug":"aviso-legal","status":"publish","type":"page","link":"https:\/\/www.colegiocoreanomadrid.es\/es\/aviso-legal\/","title":{"rendered":"Aviso legal"},"content":{"rendered":"\t\t<div data-elementor-type=\"wp-page\" data-elementor-id=\"1615\" class=\"elementor elementor-1615\" data-elementor-post-type=\"page\">\n\t\t\t\t<div class=\"elementor-element elementor-element-8c70bba e-flex e-con-boxed e-con e-parent\" data-id=\"8c70bba\" data-element_type=\"container\" data-e-type=\"container\">\n\t\t\t\t\t<div class=\"e-con-inner\">\n\t\t\t\t<div class=\"elementor-element elementor-element-0ce8b1d elementor-widget elementor-widget-breadcrumbs\" data-id=\"0ce8b1d\" data-element_type=\"widget\" data-e-type=\"widget\" data-widget_type=\"breadcrumbs.default\">\n\t\t\t\t<div class=\"elementor-widget-container\">\n\t\t\t\t\t<p id=\"breadcrumbs\"><span><span><a href=\"https:\/\/www.colegiocoreanomadrid.es\/es\/\">Inicio<\/a><\/span><\/span><\/p>\t\t\t\t<\/div>\n\t\t\t\t<\/div>\n\t\t\t\t\t<\/div>\n\t\t\t\t<\/div>\n\t\t<div class=\"elementor-element elementor-element-e659832 e-flex e-con-boxed e-con e-parent\" data-id=\"e659832\" data-element_type=\"container\" data-e-type=\"container\">\n\t\t\t\t\t<div class=\"e-con-inner\">\n\t\t\t\t<div class=\"elementor-element elementor-element-c1af3ab elementor-widget elementor-widget-heading\" data-id=\"c1af3ab\" data-element_type=\"widget\" data-e-type=\"widget\" data-widget_type=\"heading.default\">\n\t\t\t\t<div class=\"elementor-widget-container\">\n\t\t\t\t\t<h1 class=\"elementor-heading-title elementor-size-default\">Aviso legal<\/h1>\t\t\t\t<\/div>\n\t\t\t\t<\/div>\n\t\t\t\t<div class=\"elementor-element elementor-element-99f3677 elementor-widget-divider--view-line elementor-widget elementor-widget-divider\" data-id=\"99f3677\" data-element_type=\"widget\" data-e-type=\"widget\" data-widget_type=\"divider.default\">\n\t\t\t\t<div class=\"elementor-widget-container\">\n\t\t\t\t\t\t\t<div class=\"elementor-divider\">\n\t\t\t<span class=\"elementor-divider-separator\">\n\t\t\t\t\t\t<\/span>\n\t\t<\/div>\n\t\t\t\t\t\t<\/div>\n\t\t\t\t<\/div>\n\t\t\t\t\t<\/div>\n\t\t\t\t<\/div>\n\t\t<div class=\"elementor-element elementor-element-31e34e5 e-flex e-con-boxed e-con e-parent\" data-id=\"31e34e5\" data-element_type=\"container\" data-e-type=\"container\">\n\t\t\t\t\t<div class=\"e-con-inner\">\n\t\t\t\t<div class=\"elementor-element elementor-element-22df6a7 elementor-widget elementor-widget-text-editor\" data-id=\"22df6a7\" data-element_type=\"widget\" data-e-type=\"widget\" data-widget_type=\"text-editor.default\">\n\t\t\t\t<div class=\"elementor-widget-container\">\n\t\t\t\t\t\t\t\t\t<h3>Datos identificativos del titular de la web<\/h3><p>En cumplimiento del art\u00edculo 10 de la Ley 34\/2002, de 11 de julio, de Servicios de la Sociedad de la Informaci\u00f3n y del Comercio Electr\u00f3nico (LSSI-CE), ASOCIACION HANGL HAGKYO\u00a0 (en adelante, \u00abAsociaci\u00f3n del Colegio Coreano de Madrid\u00bb), titular del sitio web\u00a0 https:\/\/www.colegiocoreanomadrid.es, informa de los siguientes datos:<\/p><p>El titular de este sitio web es ASOCIACION HANGL HAGKYO, con CIF G84432103 y domicilio social en PLAZA ALCALDE MORENO TORRE 1 , 1-A\u00a0 28050 MADRID. La direcci\u00f3n de correo electr\u00f3nico de contacto con la entidad es: <a href=\"mailto:director@colegiocoreanomadrid.es\">director@colegiocoreanomadrid.es<\/a><\/p><h3>Finalidad de la Web<\/h3><p>El sitio web del Colegio Coreano de Madrid tiene la finalidad de informar, a sus clientes actuales y potenciales, sobre los productos y\/o servicios que ofrece, los datos de contacto, ubicaci\u00f3n, etc, as\u00ed como la reserva de un espacio entre los alumnos, padres, profesorado y la asociaci\u00f3n, para poder utilizar los recursos de la misma. Todos los espacios de la web se encuentran habilitados para la consulta y uso, cuyo contenido se ajusta a las actividades propias de la web en la que navega.<\/p><p>El Usuario se hace responsable de la lectura de las presentes condiciones de uso, dando por satisfecha su aceptaci\u00f3n si contin\u00faa navegando y quedando obligado a su cumplimiento. Le recomendamos que lea detenidamente los siguientes puntos:<\/p><h3>R\u00e9gimen de responsabilidades<\/h3><p>La navegaci\u00f3n, acceso y uso por el sitio web del Colegio Coreano de Madrid confiere la condici\u00f3n de Usuario, por lo que se aceptan, desde la navegaci\u00f3n por todo el contenido web de Asociaci\u00f3n del Colegio Coreano de Madrid, todas las condiciones de uso aqu\u00ed establecidas sin perjuicio de la aplicaci\u00f3n de la correspondiente normativa de obligado cumplimiento legal seg\u00fan el caso.<\/p><p>El sitio web del Colegio Coreano de Madrid proporciona gran diversidad de informaci\u00f3n, servicios y datos. El Usuario asume su responsabilidad en el uso correcto del sitio web. Esta responsabilidad se extender\u00e1 a:<\/p><ul><li>La veracidad y licitud de las informaciones aportadas por el Usuario en los formularios extendidos por el Colegio Coreano de Madrid para el acceso a ciertos contenidos o servicios ofrecidos por la web.<\/li><li>El uso de la informaci\u00f3n, servicios y datos ofrecidos por el Colegio Coreano de Madrid sin que sea contrario a lo dispuesto por las presentes condiciones, la Ley, la moral o el orden p\u00fablico, siendo igualmente responsabilidad del Usuario de no llevar conductas que de cualquier modo puedan suponer lesi\u00f3n de los derechos de terceros o del mismo funcionamiento del sitio web.<\/li><\/ul><h3>\u00a0<\/h3><h3>Obligaciones del Usuario<\/h3><p>Los Usuarios se obligan a usar los contenidos del sitio web de forma diligente, correcta y l\u00edcita y, en particular, se comprometen a abstenerse de:<\/p><ul><li>Reproducir o copiar, distribuir, permitir el acceso del p\u00fablico a trav\u00e9s de cualquier modalidad de comunicaci\u00f3n p\u00fablica, transformar o modificar los contenidos, a menos que se cuente con la autorizaci\u00f3n del titular de los correspondientes derechos o ello resulte legalmente permitido;<\/li><li>Suprimir, eludir o manipular el \u00abcopyright\u00bb y dem\u00e1s datos identificativos de los derechos de Asociaci\u00f3n del Colegio Coreano de Madrid o de sus titulares incorporados a los contenidos, as\u00ed como los dispositivos t\u00e9cnicos de protecci\u00f3n, las huellas digitales o cualesquiera mecanismos de informaci\u00f3n que pudieren comprender los contenidos;<\/li><li>Emplear los contenidos y, en particular, la informaci\u00f3n de cualquier clase obtenida a trav\u00e9s del sitio web o de los servicios para remitir publicidad, comunicaciones con fines de venta directa o con cualquier otra clase de finalidad comercial, mensajes no solicitados dirigidos a una pluralidad de personas con independencia de su finalidad, as\u00ed como a abstenerse de comercializar o divulgar de cualquier modo dicha informaci\u00f3n.<\/li><li>Asociaci\u00f3n del Colegio Coreano de Madrid, se reserva el derecho a denegar o retirar el acceso a la web https:\/\/www.colegiocoreanomadrid.es, en cualquier momento a los Usuarios, cuyo comportamiento no se ajuste a lo establecido en las condiciones de uso o, a cualquier ley aplicable, cuya navegaci\u00f3n implique un riesgo para el sitio web o para los Usuarios, o bien sea establecido por orden judicial.<\/li><\/ul><p>Asimismo, perseguir\u00e1 el incumplimiento de las anteriores condiciones as\u00ed como cualquier utilizaci\u00f3n indebida de los contenidos presentados en su web ejerciendo todas las acciones civiles y penales que le puedan corresponder en derecho.<\/p><h3>Propiedad Intelectual<\/h3><p>Todas las marcas, nombres comerciales o signos distintivos de cualquier clase que aparecen en el sitio web del Colegio Coreano de Madrid son propiedad de Asociaci\u00f3n del Colegio Coreano de Madrid o, en su caso, de terceros que han autorizado su uso, sin que pueda entenderse que el uso o acceso al sitio web y\/o a los Contenidos atribuya al Usuario derecho alguno sobre las citadas marcas, nombres comerciales y\/o signos distintivos, y sin que puedan entenderse cedidos al Usuario, ninguno de los derechos de explotaci\u00f3n que existen o puedan existir sobre dichos Contenidos.<\/p><p>De igual modo los Contenidos son propiedad intelectual de Asociaci\u00f3n del Colegio Coreano de Madrid, o de terceros en su caso, por tanto, los derechos de Propiedad Intelectual son titularidad de Asociaci\u00f3n del Colegio Coreano de Madrid o de terceros que han autorizado su uso, a quienes corresponde el ejercicio exclusivo de los derechos de explotaci\u00f3n de los mismos en cualquier forma y, en especial, los derechos de reproducci\u00f3n, distribuci\u00f3n, comunicaci\u00f3n p\u00fablica y transformaci\u00f3n.<\/p><p>La utilizaci\u00f3n no autorizada de la informaci\u00f3n contenida en este sitio web, as\u00ed como la lesi\u00f3n de los derechos de Propiedad Intelectual o Industrial de Asociaci\u00f3n del Colegio Coreano de Madrid o de terceros incluidos en la p\u00e1gina web que hayan cedido contenidos dar\u00e1 lugar a las responsabilidades legalmente establecidas.<\/p><h3>Legislaci\u00f3n aplicable<\/h3><p>El Aviso Legal se rige por la ley espa\u00f1ola.<\/p><p>Copyright \u00a9 2022 \u2013 Colegio Coreano de Madrid<\/p><p>Reservados todos los derechos de autor por las leyes y tratados internacionales de propiedad intelectual. Queda expresamente prohibida su copia, reproducci\u00f3n o difusi\u00f3n, total o parcial, por cualquier medio.<\/p>\t\t\t\t\t\t\t\t<\/div>\n\t\t\t\t<\/div>\n\t\t\t\t\t<\/div>\n\t\t\t\t<\/div>\n\t\t\t\t<\/div>\n\t\t","protected":false},"excerpt":{"rendered":"<p>Datos identificativos del titular de la web En cumplimiento del art\u00edculo 10 de la Ley 34\/2002, de 11 de julio, de Servicios de la Sociedad de la Informaci\u00f3n y del Comercio Electr\u00f3nico (LSSI-CE), ASOCIACION HANGL HAGKYO\u00a0 (en adelante, \u00abAsociaci\u00f3n del Colegio Coreano de Madrid\u00bb), titular del sitio web\u00a0 https:\/\/www.colegiocoreanomadrid.es, informa de los siguientes datos: El [&hellip;]<\/p>\n","protected":false},"author":1,"featured_media":0,"parent":0,"menu_order":0,"comment_status":"closed","ping_status":"closed","template":"","meta":{"_bbp_topic_count":0,"_bbp_reply_count":0,"_bbp_total_topic_count":0,"_bbp_total_reply_count":0,"_bbp_voice_count":0,"_bbp_anonymous_reply_count":0,"_bbp_topic_count_hidden":0,"_bbp_reply_count_hidden":0,"_bbp_forum_subforum_count":0,"footnotes":""},"class_list":["post-1615","page","type-page","status-publish","hentry"],"yoast_head":"<!-- This site is optimized with the Yoast SEO plugin v27.4 - https:\/\/yoast.com\/product\/yoast-seo-wordpress\/ -->\n<title>Aviso legal - Colegio Coreano de Madrid<\/title>\n<meta name=\"robots\" content=\"index, follow, max-snippet:-1, max-image-preview:large, max-video-preview:-1\" \/>\n<link rel=\"canonical\" href=\"https:\/\/www.colegiocoreanomadrid.es\/es\/aviso-legal\/\" \/>\n<meta property=\"og:locale\" content=\"es_ES\" \/>\n<meta property=\"og:type\" content=\"article\" \/>\n<meta property=\"og:title\" content=\"Aviso legal - Colegio Coreano de Madrid\" \/>\n<meta property=\"og:description\" content=\"Datos identificativos del titular de la web En cumplimiento del art\u00edculo 10 de la Ley 34\/2002, de 11 de julio, de Servicios de la Sociedad de la Informaci\u00f3n y del Comercio Electr\u00f3nico (LSSI-CE), ASOCIACION HANGL HAGKYO\u00a0 (en adelante, \u00abAsociaci\u00f3n del Colegio Coreano de Madrid\u00bb), titular del sitio web\u00a0 https:\/\/www.colegiocoreanomadrid.es, informa de los siguientes datos: El [&hellip;]\" \/>\n<meta property=\"og:url\" content=\"https:\/\/www.colegiocoreanomadrid.es\/es\/aviso-legal\/\" \/>\n<meta property=\"og:site_name\" content=\"Colegio Coreano de Madrid\" \/>\n<meta property=\"article:modified_time\" content=\"2022-12-14T21:36:20+00:00\" \/>\n<meta name=\"twitter:card\" content=\"summary_large_image\" \/>\n<meta name=\"twitter:label1\" content=\"Tiempo de lectura\" \/>\n\t<meta name=\"twitter:data1\" content=\"5 minutos\" \/>\n<script type=\"application\/ld+json\" class=\"yoast-schema-graph\">{\"@context\":\"https:\\\/\\\/schema.org\",\"@graph\":[{\"@type\":\"WebPage\",\"@id\":\"https:\\\/\\\/www.colegiocoreanomadrid.es\\\/es\\\/aviso-legal\\\/\",\"url\":\"https:\\\/\\\/www.colegiocoreanomadrid.es\\\/es\\\/aviso-legal\\\/\",\"name\":\"Aviso legal - Colegio Coreano de Madrid\",\"isPartOf\":{\"@id\":\"https:\\\/\\\/www.colegiocoreanomadrid.es\\\/es\\\/#website\"},\"datePublished\":\"2022-11-17T12:36:00+00:00\",\"dateModified\":\"2022-12-14T21:36:20+00:00\",\"breadcrumb\":{\"@id\":\"https:\\\/\\\/www.colegiocoreanomadrid.es\\\/es\\\/aviso-legal\\\/#breadcrumb\"},\"inLanguage\":\"es\",\"potentialAction\":[{\"@type\":\"ReadAction\",\"target\":[\"https:\\\/\\\/www.colegiocoreanomadrid.es\\\/es\\\/aviso-legal\\\/\"]}]},{\"@type\":\"BreadcrumbList\",\"@id\":\"https:\\\/\\\/www.colegiocoreanomadrid.es\\\/es\\\/aviso-legal\\\/#breadcrumb\",\"itemListElement\":[{\"@type\":\"ListItem\",\"position\":1,\"name\":\"Inicio\",\"item\":\"https:\\\/\\\/www.colegiocoreanomadrid.es\\\/es\\\/\"},{\"@type\":\"ListItem\",\"position\":2,\"name\":\"Aviso legal\"}]},{\"@type\":\"WebSite\",\"@id\":\"https:\\\/\\\/www.colegiocoreanomadrid.es\\\/es\\\/#website\",\"url\":\"https:\\\/\\\/www.colegiocoreanomadrid.es\\\/es\\\/\",\"name\":\"Colegio Coreano de Madrid\",\"description\":\"\",\"publisher\":{\"@id\":\"https:\\\/\\\/www.colegiocoreanomadrid.es\\\/es\\\/#organization\"},\"potentialAction\":[{\"@type\":\"SearchAction\",\"target\":{\"@type\":\"EntryPoint\",\"urlTemplate\":\"https:\\\/\\\/www.colegiocoreanomadrid.es\\\/es\\\/?s={search_term_string}\"},\"query-input\":{\"@type\":\"PropertyValueSpecification\",\"valueRequired\":true,\"valueName\":\"search_term_string\"}}],\"inLanguage\":\"es\"},{\"@type\":\"Organization\",\"@id\":\"https:\\\/\\\/www.colegiocoreanomadrid.es\\\/es\\\/#organization\",\"name\":\"Colegio Coreano de Madrid\",\"url\":\"https:\\\/\\\/www.colegiocoreanomadrid.es\\\/es\\\/\",\"logo\":{\"@type\":\"ImageObject\",\"inLanguage\":\"es\",\"@id\":\"https:\\\/\\\/www.colegiocoreanomadrid.es\\\/es\\\/#\\\/schema\\\/logo\\\/image\\\/\",\"url\":\"https:\\\/\\\/www.colegiocoreanomadrid.es\\\/wp-content\\\/uploads\\\/2022\\\/09\\\/colegio-coreano-logo.svg\",\"contentUrl\":\"https:\\\/\\\/www.colegiocoreanomadrid.es\\\/wp-content\\\/uploads\\\/2022\\\/09\\\/colegio-coreano-logo.svg\",\"width\":227,\"height\":48,\"caption\":\"Colegio Coreano de Madrid\"},\"image\":{\"@id\":\"https:\\\/\\\/www.colegiocoreanomadrid.es\\\/es\\\/#\\\/schema\\\/logo\\\/image\\\/\"}}]}<\/script>\n<!-- \/ Yoast SEO plugin. -->","yoast_head_json":{"title":"Aviso legal - Colegio Coreano de Madrid","robots":{"index":"index","follow":"follow","max-snippet":"max-snippet:-1","max-image-preview":"max-image-preview:large","max-video-preview":"max-video-preview:-1"},"canonical":"https:\/\/www.colegiocoreanomadrid.es\/es\/aviso-legal\/","og_locale":"es_ES","og_type":"article","og_title":"Aviso legal - Colegio Coreano de Madrid","og_description":"Datos identificativos del titular de la web En cumplimiento del art\u00edculo 10 de la Ley 34\/2002, de 11 de julio, de Servicios de la Sociedad de la Informaci\u00f3n y del Comercio Electr\u00f3nico (LSSI-CE), ASOCIACION HANGL HAGKYO\u00a0 (en adelante, \u00abAsociaci\u00f3n del Colegio Coreano de Madrid\u00bb), titular del sitio web\u00a0 https:\/\/www.colegiocoreanomadrid.es, informa de los siguientes datos: El [&hellip;]","og_url":"https:\/\/www.colegiocoreanomadrid.es\/es\/aviso-legal\/","og_site_name":"Colegio Coreano de Madrid","article_modified_time":"2022-12-14T21:36:20+00:00","twitter_card":"summary_large_image","twitter_misc":{"Tiempo de lectura":"5 minutos"},"schema":{"@context":"https:\/\/schema.org","@graph":[{"@type":"WebPage","@id":"https:\/\/www.colegiocoreanomadrid.es\/es\/aviso-legal\/","url":"https:\/\/www.colegiocoreanomadrid.es\/es\/aviso-legal\/","name":"Aviso legal - Colegio Coreano de Madrid","isPartOf":{"@id":"https:\/\/www.colegiocoreanomadrid.es\/es\/#website"},"datePublished":"2022-11-17T12:36:00+00:00","dateModified":"2022-12-14T21:36:20+00:00","breadcrumb":{"@id":"https:\/\/www.colegiocoreanomadrid.es\/es\/aviso-legal\/#breadcrumb"},"inLanguage":"es","potentialAction":[{"@type":"ReadAction","target":["https:\/\/www.colegiocoreanomadrid.es\/es\/aviso-legal\/"]}]},{"@type":"BreadcrumbList","@id":"https:\/\/www.colegiocoreanomadrid.es\/es\/aviso-legal\/#breadcrumb","itemListElement":[{"@type":"ListItem","position":1,"name":"Inicio","item":"https:\/\/www.colegiocoreanomadrid.es\/es\/"},{"@type":"ListItem","position":2,"name":"Aviso legal"}]},{"@type":"WebSite","@id":"https:\/\/www.colegiocoreanomadrid.es\/es\/#website","url":"https:\/\/www.colegiocoreanomadrid.es\/es\/","name":"Colegio Coreano de Madrid","description":"","publisher":{"@id":"https:\/\/www.colegiocoreanomadrid.es\/es\/#organization"},"potentialAction":[{"@type":"SearchAction","target":{"@type":"EntryPoint","urlTemplate":"https:\/\/www.colegiocoreanomadrid.es\/es\/?s={search_term_string}"},"query-input":{"@type":"PropertyValueSpecification","valueRequired":true,"valueName":"search_term_string"}}],"inLanguage":"es"},{"@type":"Organization","@id":"https:\/\/www.colegiocoreanomadrid.es\/es\/#organization","name":"Colegio Coreano de Madrid","url":"https:\/\/www.colegiocoreanomadrid.es\/es\/","logo":{"@type":"ImageObject","inLanguage":"es","@id":"https:\/\/www.colegiocoreanomadrid.es\/es\/#\/schema\/logo\/image\/","url":"https:\/\/www.colegiocoreanomadrid.es\/wp-content\/uploads\/2022\/09\/colegio-coreano-logo.svg","contentUrl":"https:\/\/www.colegiocoreanomadrid.es\/wp-content\/uploads\/2022\/09\/colegio-coreano-logo.svg","width":227,"height":48,"caption":"Colegio Coreano de Madrid"},"image":{"@id":"https:\/\/www.colegiocoreanomadrid.es\/es\/#\/schema\/logo\/image\/"}}]}},"_links":{"self":[{"href":"https:\/\/www.colegiocoreanomadrid.es\/es\/wp-json\/wp\/v2\/pages\/1615","targetHints":{"allow":["GET"]}}],"collection":[{"href":"https:\/\/www.colegiocoreanomadrid.es\/es\/wp-json\/wp\/v2\/pages"}],"about":[{"href":"https:\/\/www.colegiocoreanomadrid.es\/es\/wp-json\/wp\/v2\/types\/page"}],"author":[{"embeddable":true,"href":"https:\/\/www.colegiocoreanomadrid.es\/es\/wp-json\/wp\/v2\/users\/1"}],"replies":[{"embeddable":true,"href":"https:\/\/www.colegiocoreanomadrid.es\/es\/wp-json\/wp\/v2\/comments?post=1615"}],"version-history":[{"count":0,"href":"https:\/\/www.colegiocoreanomadrid.es\/es\/wp-json\/wp\/v2\/pages\/1615\/revisions"}],"wp:attachment":[{"href":"https:\/\/www.colegiocoreanomadrid.es\/es\/wp-json\/wp\/v2\/media?parent=1615"}],"curies":[{"name":"wp","href":"https:\/\/api.w.org\/{rel}","templated":true}]}}