{"id":1580,"date":"2022-11-16T16:23:14","date_gmt":"2022-11-16T15:23:14","guid":{"rendered":"https:\/\/www.colegiocoreanomadrid.es\/?page_id=1580"},"modified":"2022-12-14T22:27:04","modified_gmt":"2022-12-14T21:27:04","slug":"politica-de-cookies","status":"publish","type":"page","link":"https:\/\/www.colegiocoreanomadrid.es\/es\/politica-de-cookies\/","title":{"rendered":"Pol\u00edtica de cookies"},"content":{"rendered":"\t\t<div data-elementor-type=\"wp-page\" data-elementor-id=\"1580\" class=\"elementor elementor-1580\" data-elementor-post-type=\"page\">\n\t\t\t\t<div class=\"elementor-element elementor-element-184bcd1 e-flex e-con-boxed e-con e-parent\" data-id=\"184bcd1\" data-element_type=\"container\" data-e-type=\"container\">\n\t\t\t\t\t<div class=\"e-con-inner\">\n\t\t\t\t<div class=\"elementor-element elementor-element-b62fdbb elementor-widget elementor-widget-breadcrumbs\" data-id=\"b62fdbb\" data-element_type=\"widget\" data-e-type=\"widget\" data-widget_type=\"breadcrumbs.default\">\n\t\t\t\t<div class=\"elementor-widget-container\">\n\t\t\t\t\t<p id=\"breadcrumbs\"><span><span><a href=\"https:\/\/www.colegiocoreanomadrid.es\/es\/\">Inicio<\/a><\/span><\/span><\/p>\t\t\t\t<\/div>\n\t\t\t\t<\/div>\n\t\t\t\t\t<\/div>\n\t\t\t\t<\/div>\n\t\t<div class=\"elementor-element elementor-element-c766ed5 e-flex e-con-boxed e-con e-parent\" data-id=\"c766ed5\" data-element_type=\"container\" data-e-type=\"container\">\n\t\t\t\t\t<div class=\"e-con-inner\">\n\t\t\t\t<div class=\"elementor-element elementor-element-8b3f892 elementor-widget elementor-widget-heading\" data-id=\"8b3f892\" data-element_type=\"widget\" data-e-type=\"widget\" data-widget_type=\"heading.default\">\n\t\t\t\t<div class=\"elementor-widget-container\">\n\t\t\t\t\t<h1 class=\"elementor-heading-title elementor-size-default\">Pol\u00edtica de cookies<\/h1>\t\t\t\t<\/div>\n\t\t\t\t<\/div>\n\t\t\t\t<div class=\"elementor-element elementor-element-70eb047 elementor-widget-divider--view-line elementor-widget elementor-widget-divider\" data-id=\"70eb047\" data-element_type=\"widget\" data-e-type=\"widget\" data-widget_type=\"divider.default\">\n\t\t\t\t<div class=\"elementor-widget-container\">\n\t\t\t\t\t\t\t<div class=\"elementor-divider\">\n\t\t\t<span class=\"elementor-divider-separator\">\n\t\t\t\t\t\t<\/span>\n\t\t<\/div>\n\t\t\t\t\t\t<\/div>\n\t\t\t\t<\/div>\n\t\t\t\t\t<\/div>\n\t\t\t\t<\/div>\n\t\t<div class=\"elementor-element elementor-element-f27d51d e-flex e-con-boxed e-con e-parent\" data-id=\"f27d51d\" data-element_type=\"container\" data-e-type=\"container\">\n\t\t\t\t\t<div class=\"e-con-inner\">\n\t\t<div class=\"elementor-element elementor-element-418e2c4 e-con-full e-flex e-con e-child\" data-id=\"418e2c4\" data-element_type=\"container\" data-e-type=\"container\">\n\t\t\t\t<div class=\"elementor-element elementor-element-efb454b elementor-widget elementor-widget-text-editor\" data-id=\"efb454b\" data-element_type=\"widget\" data-e-type=\"widget\" data-widget_type=\"text-editor.default\">\n\t\t\t\t<div class=\"elementor-widget-container\">\n\t\t\t\t\t\t\t\t\t<p><strong>Concepto de Cookies<\/strong><\/p><p>Las cookies constituyen una herramienta empleada por los servidores Web para almacenar y recuperar informaci\u00f3n acerca de sus visitantes o usuarios.<\/p><p>No es m\u00e1s que un fichero de texto que algunos servidores instalan durante la navegaci\u00f3n y que permiten conocer informaci\u00f3n como por ejemplo: el lugar desde el que accede, el tiempo de conexi\u00f3n, el dispositivo desde el que accede (fijo o m\u00f3vil), el sistema operativo y navegador utilizados, las p\u00e1ginas m\u00e1s visitadas, el n\u00famero de clicks realizados y de datos respecto al comportamiento del usuario en Internet.<\/p><p>No proporcionan referencias que permitan deducir el nombre y apellidos del usuario y no pueden leer datos de su disco duro ni incluir virus en sus equipos.<\/p><p>Asimismo, no puede leer las cookies implantadas en el disco duro del usuario desde otros servidores.<\/p><p><strong>\u00bfPor qu\u00e9 son importantes?<\/strong><\/p><p>El sitio web es accesible sin necesidad de que las cookies est\u00e9n activadas, si bien, su desactivaci\u00f3n puede impedir su funcionamiento correcto.<\/p><p>Desde un punto de vista t\u00e9cnico las cookies permiten que los sitios web funcionen de forma m\u00e1s \u00e1gil y adaptada a las preferencias de los usuarios, como por ejemplo almacenar el idioma, la moneda del pa\u00eds o detectar el dispositivo de acceso.<\/p><p>Establecen niveles de protecci\u00f3n y seguridad que Impiden o dificultan ciberataques contra el sitio web o sus usuarios.<\/p><p>Permiten que los gestores de los medios puedan conocer datos estad\u00edsticos recopilados para mejorar la calidad y experiencia de sus servicios.<\/p><p>Sirven para optimizar la publicidad que mostramos a los usuarios, ofreciendo la que m\u00e1s se ajusta a sus intereses.<\/p><p><strong>Autorizaci\u00f3n para el uso de cookies<\/strong><\/p><p>En el sitio web aparece un Aviso de Cookies que el usuario o visitante puede aceptar, consintiendo expresamente al uso de las cookies seg\u00fan se indica a continuaci\u00f3n.<\/p><p>El usuario puede configurar su navegador para rechazar por defecto todas las cookies o para recibir un aviso en pantalla de la recepci\u00f3n de cada cookie y decidir sobre su instalaci\u00f3n o no en su disco duro.<\/p><p><strong>Configuraci\u00f3n del navegador<\/strong><\/p><p>El Colegio Coreano de Madrid recuerda a sus usuarios que el uso de cookies podr\u00e1 estar sujeto a su aceptaci\u00f3n durante la instalaci\u00f3n o actualizaci\u00f3n del navegador utilizado por \u00e9stos.<\/p><p>Esta aceptaci\u00f3n podr\u00e1 ser revocada mediante las opciones de configuraci\u00f3n de contenidos y privacidad disponibles en el mismo. El Titular recomienda a sus usuarios que consulten la ayuda de su navegador o acceda a las p\u00e1ginas web de ayuda de los principales navegadores: Firefox, Internet Explorer, Safari, Chrome.<\/p><p>Si desea m\u00e1s informaci\u00f3n acerca de c\u00f3mo revocar el consentimiento prestado o sobre el procedimiento para deshabilitar las cookies, as\u00ed como realizar alguna pregunta sobre la Pol\u00edtica de Cookies, puede contactar con nosotros:<\/p><p>Email: dpo@colegiocoreanomadrid.es<\/p><p><strong>Tipos de Cookies que se utilizan en la Web<\/strong><\/p><p>El usuario que navega por la Web puede encontrar cookies insertadas directamente por el titular, o bien cookies insertadas por entidades distintas al titular, seg\u00fan lo detallado en los siguientes apartados:<\/p><p><strong>* Cookies de sesi\u00f3n<\/strong>\u00a0, expiran cuando el usuario abandona la p\u00e1gina o cierra el navegador, es decir, est\u00e1n activas mientras dura la visita al sitio web y por tanto son borradas de nuestro ordenador al abandonarlo.<\/p><p><strong>* Cookies permanentes<\/strong>, expiran cuando se cumple el objetivo para el que sirven o bien cuando se borran manualmente, tienen fecha de borrado y se utilizan normalmente en proceso de compra online, personalizaciones o en el registro, para no tener que introducir una contrase\u00f1a constantemente.<\/p><p>Seg\u00fan la entidad que gestiona el equipo o dominio desde donde se env\u00edan las cookies y trata los datos que se obtengan, podemos distinguir entre Cookies propias y de terceros.<\/p><p><strong>* Cookies propias<\/strong>\u00a0son aquellas cookies que son enviadas al ordenador del usuario y son gestionadas exclusivamente por nosotros para el mejor funcionamiento del Sitio Web. La informaci\u00f3n que recabamos se emplea para mejorar la calidad de nuestro servicio y tu experiencia como usuario.<\/p><p><strong>* Cookies de terceros<\/strong>, cuando el usuario interact\u00faa con el contenido de nuestro sitio Web tambi\u00e9n pueden establecerse cookies de terceros (por ejemplo, al pulsar botones de redes sociales o visionar v\u00eddeos alojados en otro sitio web), que son aquellas establecidas por un dominio diferente de nuestro Sitio Web. No podemos acceder a los datos almacenados en las cookies de otros sitios web cuando navegues en los citados sitios web.<\/p><p>Navegar por este portal web supone que se puedan instalar los siguientes tipos de Cookies:<\/p><p><strong>Cookies de Sesi\u00f3n:<\/strong>\u00a0Son necesarias para el correcto uso de la p\u00e1gina web, como para la sesi\u00f3n de usuarios, o para navegar de forma ininterrumpida recordando opciones de idioma o pa\u00eds. Se utilizan para identificar al usuario, si fuese necesario acceder a un \u00e1rea de registro. Sin estas cookies, muchos de los servicios disponibles no estar\u00edan operativos. Dichas cookies caducan cuando se cierra el navegador o pasado un mes.<\/p><p><strong>Cookies T\u00e9cnicas:<\/strong>\u00a0\u00c9stas tratan informaci\u00f3n gen\u00e9rica y an\u00f3nima, donde no se incluyen datos personales, s\u00f3lo recuerdan la p\u00e1gina de la que proviene el usuario. Su objetivo principal es la mejora del funcionamiento de la web.<\/p><p><strong>Cookies de \u201cplug-in\u201d de redes sociales:<\/strong>\u00a0Permitir al usuario compartir contenidos con miembros de una determinada red social.<\/p><p><strong>Cookies de Terceros (Google Analytics):<\/strong>\u00a0Conocer el nivel de recurrencia de nuestros visitantes y los contenidos que resultan m\u00e1s interesantes para concentrar nuestros esfuerzos en mejorar las \u00e1reas m\u00e1s visitadas y hacer que el usuario encuentre m\u00e1s f\u00e1cilmente lo que busca. Este dato se consigue a trav\u00e9s de c\u00e1lculos estad\u00edsticos sobre datos an\u00f3nimos. Para m\u00e1s detalles, consulte en el siguiente enlace la pol\u00edtica de privacidad [ http:\/\/www.google.com\/intl\/es\/policies\/privacy\/]<\/p><p><a href=\"https:\/\/www.colegiocoreanomadrid.es\/politica-de-cookies\/\">Ver la p\u00e1gina<\/a><\/p><h3>C\u00f3mo deshabilitar las Cookies y los Web Bugs en los principales navegadores:<\/h3><p>Para permitir, conocer, bloquear o eliminar las cookies instaladas en tu equipo puedes hacerlo mediante la configuraci\u00f3n de las opciones del navegador instalado en su ordenador.<\/p><p>Puedes encontrar informaci\u00f3n sobre c\u00f3mo hacerlo en el caso que uses como navegador:<\/p><p>\u2013 Firefox desde http:\/\/support.mozilla.org\/es\/products\/firefox\/cookies \u2013 Chrome desde http:\/\/support.google.com\/chrome\/bin\/answer.py?hl=es&amp;answer=95647 \u2013 Explorer desde http:\/\/windows.microsoft.com\/es-es\/windows7\/how-to-manage-cookies-in-internet-explorer-9 \u2013 Safari desde http:\/\/support.apple.com\/kb\/ph5042<\/p>\t\t\t\t\t\t\t\t<\/div>\n\t\t\t\t<\/div>\n\t\t\t\t<\/div>\n\t\t\t\t\t<\/div>\n\t\t\t\t<\/div>\n\t\t\t\t<\/div>\n\t\t","protected":false},"excerpt":{"rendered":"<p>Concepto de Cookies Las cookies constituyen una herramienta empleada por los servidores Web para almacenar y recuperar informaci\u00f3n acerca de sus visitantes o usuarios. No es m\u00e1s que un fichero de texto que algunos servidores instalan durante la navegaci\u00f3n y que permiten conocer informaci\u00f3n como por ejemplo: el lugar desde el que accede, el tiempo [&hellip;]<\/p>\n","protected":false},"author":1,"featured_media":0,"parent":0,"menu_order":0,"comment_status":"closed","ping_status":"closed","template":"","meta":{"_bbp_topic_count":0,"_bbp_reply_count":0,"_bbp_total_topic_count":0,"_bbp_total_reply_count":0,"_bbp_voice_count":0,"_bbp_anonymous_reply_count":0,"_bbp_topic_count_hidden":0,"_bbp_reply_count_hidden":0,"_bbp_forum_subforum_count":0,"footnotes":""},"class_list":["post-1580","page","type-page","status-publish","hentry"],"yoast_head":"<!-- This site is optimized with the Yoast SEO plugin v27.4 - https:\/\/yoast.com\/product\/yoast-seo-wordpress\/ -->\n<title>Pol\u00edtica de cookies - Colegio Coreano de Madrid<\/title>\n<meta name=\"robots\" content=\"noindex, follow\" \/>\n<meta property=\"og:locale\" content=\"es_ES\" \/>\n<meta property=\"og:type\" content=\"article\" \/>\n<meta property=\"og:title\" content=\"Pol\u00edtica de cookies - Colegio Coreano de Madrid\" \/>\n<meta property=\"og:description\" content=\"Concepto de Cookies Las cookies constituyen una herramienta empleada por los servidores Web para almacenar y recuperar informaci\u00f3n acerca de sus visitantes o usuarios. No es m\u00e1s que un fichero de texto que algunos servidores instalan durante la navegaci\u00f3n y que permiten conocer informaci\u00f3n como por ejemplo: el lugar desde el que accede, el tiempo [&hellip;]\" \/>\n<meta property=\"og:url\" content=\"https:\/\/www.colegiocoreanomadrid.es\/es\/politica-de-cookies\/\" \/>\n<meta property=\"og:site_name\" content=\"Colegio Coreano de Madrid\" \/>\n<meta property=\"article:modified_time\" content=\"2022-12-14T21:27:04+00:00\" \/>\n<meta name=\"twitter:card\" content=\"summary_large_image\" \/>\n<meta name=\"twitter:label1\" content=\"Tiempo de lectura\" \/>\n\t<meta name=\"twitter:data1\" content=\"5 minutos\" \/>\n<script type=\"application\/ld+json\" class=\"yoast-schema-graph\">{\"@context\":\"https:\\\/\\\/schema.org\",\"@graph\":[{\"@type\":\"WebPage\",\"@id\":\"https:\\\/\\\/www.colegiocoreanomadrid.es\\\/es\\\/politica-de-cookies\\\/\",\"url\":\"https:\\\/\\\/www.colegiocoreanomadrid.es\\\/es\\\/politica-de-cookies\\\/\",\"name\":\"Pol\u00edtica de cookies - Colegio Coreano de Madrid\",\"isPartOf\":{\"@id\":\"https:\\\/\\\/www.colegiocoreanomadrid.es\\\/es\\\/#website\"},\"datePublished\":\"2022-11-16T15:23:14+00:00\",\"dateModified\":\"2022-12-14T21:27:04+00:00\",\"breadcrumb\":{\"@id\":\"https:\\\/\\\/www.colegiocoreanomadrid.es\\\/es\\\/politica-de-cookies\\\/#breadcrumb\"},\"inLanguage\":\"es\",\"potentialAction\":[{\"@type\":\"ReadAction\",\"target\":[\"https:\\\/\\\/www.colegiocoreanomadrid.es\\\/es\\\/politica-de-cookies\\\/\"]}]},{\"@type\":\"BreadcrumbList\",\"@id\":\"https:\\\/\\\/www.colegiocoreanomadrid.es\\\/es\\\/politica-de-cookies\\\/#breadcrumb\",\"itemListElement\":[{\"@type\":\"ListItem\",\"position\":1,\"name\":\"Inicio\",\"item\":\"https:\\\/\\\/www.colegiocoreanomadrid.es\\\/es\\\/\"},{\"@type\":\"ListItem\",\"position\":2,\"name\":\"Pol\u00edtica de cookies\"}]},{\"@type\":\"WebSite\",\"@id\":\"https:\\\/\\\/www.colegiocoreanomadrid.es\\\/es\\\/#website\",\"url\":\"https:\\\/\\\/www.colegiocoreanomadrid.es\\\/es\\\/\",\"name\":\"Colegio Coreano de Madrid\",\"description\":\"\",\"publisher\":{\"@id\":\"https:\\\/\\\/www.colegiocoreanomadrid.es\\\/es\\\/#organization\"},\"potentialAction\":[{\"@type\":\"SearchAction\",\"target\":{\"@type\":\"EntryPoint\",\"urlTemplate\":\"https:\\\/\\\/www.colegiocoreanomadrid.es\\\/es\\\/?s={search_term_string}\"},\"query-input\":{\"@type\":\"PropertyValueSpecification\",\"valueRequired\":true,\"valueName\":\"search_term_string\"}}],\"inLanguage\":\"es\"},{\"@type\":\"Organization\",\"@id\":\"https:\\\/\\\/www.colegiocoreanomadrid.es\\\/es\\\/#organization\",\"name\":\"Colegio Coreano de Madrid\",\"url\":\"https:\\\/\\\/www.colegiocoreanomadrid.es\\\/es\\\/\",\"logo\":{\"@type\":\"ImageObject\",\"inLanguage\":\"es\",\"@id\":\"https:\\\/\\\/www.colegiocoreanomadrid.es\\\/es\\\/#\\\/schema\\\/logo\\\/image\\\/\",\"url\":\"https:\\\/\\\/www.colegiocoreanomadrid.es\\\/wp-content\\\/uploads\\\/2022\\\/09\\\/colegio-coreano-logo.svg\",\"contentUrl\":\"https:\\\/\\\/www.colegiocoreanomadrid.es\\\/wp-content\\\/uploads\\\/2022\\\/09\\\/colegio-coreano-logo.svg\",\"width\":227,\"height\":48,\"caption\":\"Colegio Coreano de Madrid\"},\"image\":{\"@id\":\"https:\\\/\\\/www.colegiocoreanomadrid.es\\\/es\\\/#\\\/schema\\\/logo\\\/image\\\/\"}}]}<\/script>\n<!-- \/ Yoast SEO plugin. -->","yoast_head_json":{"title":"Pol\u00edtica de cookies - Colegio Coreano de Madrid","robots":{"index":"noindex","follow":"follow"},"og_locale":"es_ES","og_type":"article","og_title":"Pol\u00edtica de cookies - Colegio Coreano de Madrid","og_description":"Concepto de Cookies Las cookies constituyen una herramienta empleada por los servidores Web para almacenar y recuperar informaci\u00f3n acerca de sus visitantes o usuarios. No es m\u00e1s que un fichero de texto que algunos servidores instalan durante la navegaci\u00f3n y que permiten conocer informaci\u00f3n como por ejemplo: el lugar desde el que accede, el tiempo [&hellip;]","og_url":"https:\/\/www.colegiocoreanomadrid.es\/es\/politica-de-cookies\/","og_site_name":"Colegio Coreano de Madrid","article_modified_time":"2022-12-14T21:27:04+00:00","twitter_card":"summary_large_image","twitter_misc":{"Tiempo de lectura":"5 minutos"},"schema":{"@context":"https:\/\/schema.org","@graph":[{"@type":"WebPage","@id":"https:\/\/www.colegiocoreanomadrid.es\/es\/politica-de-cookies\/","url":"https:\/\/www.colegiocoreanomadrid.es\/es\/politica-de-cookies\/","name":"Pol\u00edtica de cookies - Colegio Coreano de Madrid","isPartOf":{"@id":"https:\/\/www.colegiocoreanomadrid.es\/es\/#website"},"datePublished":"2022-11-16T15:23:14+00:00","dateModified":"2022-12-14T21:27:04+00:00","breadcrumb":{"@id":"https:\/\/www.colegiocoreanomadrid.es\/es\/politica-de-cookies\/#breadcrumb"},"inLanguage":"es","potentialAction":[{"@type":"ReadAction","target":["https:\/\/www.colegiocoreanomadrid.es\/es\/politica-de-cookies\/"]}]},{"@type":"BreadcrumbList","@id":"https:\/\/www.colegiocoreanomadrid.es\/es\/politica-de-cookies\/#breadcrumb","itemListElement":[{"@type":"ListItem","position":1,"name":"Inicio","item":"https:\/\/www.colegiocoreanomadrid.es\/es\/"},{"@type":"ListItem","position":2,"name":"Pol\u00edtica de cookies"}]},{"@type":"WebSite","@id":"https:\/\/www.colegiocoreanomadrid.es\/es\/#website","url":"https:\/\/www.colegiocoreanomadrid.es\/es\/","name":"Colegio Coreano de Madrid","description":"","publisher":{"@id":"https:\/\/www.colegiocoreanomadrid.es\/es\/#organization"},"potentialAction":[{"@type":"SearchAction","target":{"@type":"EntryPoint","urlTemplate":"https:\/\/www.colegiocoreanomadrid.es\/es\/?s={search_term_string}"},"query-input":{"@type":"PropertyValueSpecification","valueRequired":true,"valueName":"search_term_string"}}],"inLanguage":"es"},{"@type":"Organization","@id":"https:\/\/www.colegiocoreanomadrid.es\/es\/#organization","name":"Colegio Coreano de Madrid","url":"https:\/\/www.colegiocoreanomadrid.es\/es\/","logo":{"@type":"ImageObject","inLanguage":"es","@id":"https:\/\/www.colegiocoreanomadrid.es\/es\/#\/schema\/logo\/image\/","url":"https:\/\/www.colegiocoreanomadrid.es\/wp-content\/uploads\/2022\/09\/colegio-coreano-logo.svg","contentUrl":"https:\/\/www.colegiocoreanomadrid.es\/wp-content\/uploads\/2022\/09\/colegio-coreano-logo.svg","width":227,"height":48,"caption":"Colegio Coreano de Madrid"},"image":{"@id":"https:\/\/www.colegiocoreanomadrid.es\/es\/#\/schema\/logo\/image\/"}}]}},"_links":{"self":[{"href":"https:\/\/www.colegiocoreanomadrid.es\/es\/wp-json\/wp\/v2\/pages\/1580","targetHints":{"allow":["GET"]}}],"collection":[{"href":"https:\/\/www.colegiocoreanomadrid.es\/es\/wp-json\/wp\/v2\/pages"}],"about":[{"href":"https:\/\/www.colegiocoreanomadrid.es\/es\/wp-json\/wp\/v2\/types\/page"}],"author":[{"embeddable":true,"href":"https:\/\/www.colegiocoreanomadrid.es\/es\/wp-json\/wp\/v2\/users\/1"}],"replies":[{"embeddable":true,"href":"https:\/\/www.colegiocoreanomadrid.es\/es\/wp-json\/wp\/v2\/comments?post=1580"}],"version-history":[{"count":0,"href":"https:\/\/www.colegiocoreanomadrid.es\/es\/wp-json\/wp\/v2\/pages\/1580\/revisions"}],"wp:attachment":[{"href":"https:\/\/www.colegiocoreanomadrid.es\/es\/wp-json\/wp\/v2\/media?parent=1580"}],"curies":[{"name":"wp","href":"https:\/\/api.w.org\/{rel}","templated":true}]}}